{"id":160,"date":"2021-08-10T22:14:17","date_gmt":"2021-08-10T22:14:17","guid":{"rendered":"https:\/\/chiaradiffusion.com.ar\/sitioweb\/?page_id=160"},"modified":"2021-08-11T00:32:38","modified_gmt":"2021-08-11T00:32:38","slug":"registro-para-ingresar-al-catalogo","status":"publish","type":"page","link":"https:\/\/chiaradiffusion.com.ar\/sitioweb\/registro-para-ingresar-al-catalogo\/","title":{"rendered":"Registro para Ingresar al Cat\u00e1logo"},"content":{"rendered":"\t\t<div data-elementor-type=\"wp-page\" data-elementor-id=\"160\" class=\"elementor elementor-160\">\n\t\t\t\t\t\t<section class=\"elementor-section elementor-top-section elementor-element elementor-element-768b280 elementor-section-boxed elementor-section-height-default elementor-section-height-default\" data-id=\"768b280\" data-element_type=\"section\" data-e-type=\"section\">\n\t\t\t\t\t\t<div class=\"elementor-container elementor-column-gap-default\">\n\t\t\t\t\t<div class=\"elementor-column elementor-col-100 elementor-top-column elementor-element elementor-element-b3f8b16\" data-id=\"b3f8b16\" data-element_type=\"column\" data-e-type=\"column\">\n\t\t\t<div class=\"elementor-widget-wrap elementor-element-populated\">\n\t\t\t\t\t\t<div class=\"elementor-element elementor-element-bd55d66 elementor-widget elementor-widget-heading\" data-id=\"bd55d66\" data-element_type=\"widget\" data-e-type=\"widget\" data-widget_type=\"heading.default\">\n\t\t\t\t<div class=\"elementor-widget-container\">\n\t\t\t\t\t<h2 class=\"elementor-heading-title elementor-size-default\">Formulario de Registro<\/h2>\t\t\t\t<\/div>\n\t\t\t\t<\/div>\n\t\t\t\t\t<\/div>\n\t\t<\/div>\n\t\t\t\t\t<\/div>\n\t\t<\/section>\n\t\t\t\t<section class=\"elementor-section elementor-top-section elementor-element elementor-element-c756847 elementor-section-boxed elementor-section-height-default elementor-section-height-default\" data-id=\"c756847\" data-element_type=\"section\" data-e-type=\"section\">\n\t\t\t\t\t\t<div class=\"elementor-container elementor-column-gap-default\">\n\t\t\t\t\t<div class=\"elementor-column elementor-col-100 elementor-top-column elementor-element elementor-element-4220968\" data-id=\"4220968\" data-element_type=\"column\" data-e-type=\"column\">\n\t\t\t<div class=\"elementor-widget-wrap elementor-element-populated\">\n\t\t\t\t\t\t<div class=\"elementor-element elementor-element-e39938c elementor-widget elementor-widget-text-editor\" data-id=\"e39938c\" data-element_type=\"widget\" data-e-type=\"widget\" data-widget_type=\"text-editor.default\">\n\t\t\t\t<div class=\"elementor-widget-container\">\n\t\t\t\t\t\t\t\t\t<p>Debes regiistrarte para ingresar al cat\u00e1logo.<br \/>Obtendr\u00e1s la clave en forma inmediata y podr\u00e1s acceder.<br \/><br \/>Te invitamos a registrarte.<\/p>\t\t\t\t\t\t\t\t<\/div>\n\t\t\t\t<\/div>\n\t\t\t\t\t<\/div>\n\t\t<\/div>\n\t\t\t\t\t<\/div>\n\t\t<\/section>\n\t\t\t\t<section class=\"elementor-section elementor-top-section elementor-element elementor-element-57c3a9d elementor-section-boxed elementor-section-height-default elementor-section-height-default\" data-id=\"57c3a9d\" data-element_type=\"section\" data-e-type=\"section\">\n\t\t\t\t\t\t<div class=\"elementor-container elementor-column-gap-default\">\n\t\t\t\t\t<div class=\"elementor-column elementor-col-100 elementor-top-column elementor-element elementor-element-501be4e\" data-id=\"501be4e\" data-element_type=\"column\" data-e-type=\"column\">\n\t\t\t<div class=\"elementor-widget-wrap elementor-element-populated\">\n\t\t\t\t\t\t<div class=\"elementor-element elementor-element-37e4ea6 elementor-widget elementor-widget-text-editor\" data-id=\"37e4ea6\" data-element_type=\"widget\" data-e-type=\"widget\" data-widget_type=\"text-editor.default\">\n\t\t\t\t<div class=\"elementor-widget-container\">\n\t\t\t\t\t\t\t\t\t<p>Completa los datos de del formulario. Los campos marcados con (*) so nnecesarios.<\/p>\t\t\t\t\t\t\t\t<\/div>\n\t\t\t\t<\/div>\n\t\t\t\t\t<\/div>\n\t\t<\/div>\n\t\t\t\t\t<\/div>\n\t\t<\/section>\n\t\t\t\t<section class=\"elementor-section elementor-top-section elementor-element elementor-element-6ec0655 elementor-section-boxed elementor-section-height-default elementor-section-height-default\" data-id=\"6ec0655\" data-element_type=\"section\" data-e-type=\"section\">\n\t\t\t\t\t\t<div class=\"elementor-container elementor-column-gap-default\">\n\t\t\t\t\t<div class=\"elementor-column elementor-col-33 elementor-top-column elementor-element elementor-element-d9b1e80\" data-id=\"d9b1e80\" data-element_type=\"column\" data-e-type=\"column\">\n\t\t\t<div class=\"elementor-widget-wrap\">\n\t\t\t\t\t\t\t<\/div>\n\t\t<\/div>\n\t\t\t\t<div class=\"elementor-column elementor-col-33 elementor-top-column elementor-element elementor-element-4d2b53f\" data-id=\"4d2b53f\" data-element_type=\"column\" data-e-type=\"column\">\n\t\t\t<div class=\"elementor-widget-wrap elementor-element-populated\">\n\t\t\t\t\t\t<div class=\"elementor-element elementor-element-c6fc9ff elementor-widget elementor-widget-shortcode\" data-id=\"c6fc9ff\" data-element_type=\"widget\" data-e-type=\"widget\" data-widget_type=\"shortcode.default\">\n\t\t\t\t<div class=\"elementor-widget-container\">\n\t\t\t\t\t\t\t<div class=\"elementor-shortcode\">\r\n\r\n<SCRIPT language=JavaScript>\r\nfunction EnviarDatos()\r\n{\r\n\tif (document.frmDatos.nombre.value==\"\")\r\n\t{\r\n\t\talert(\"Debes Ingresar El nombre\");\r\n\t\treturn;\r\n\t}\r\n\t\r\nif (document.frmDatos.apellido.value==\"\")\r\n\t{\r\n\t\talert(\"Debes Ingresar El Apellido\");\r\n\t\treturn;\r\n\t}\r\n\r\nif (document.frmDatos.telefono.value==\"\")\r\n\t{\r\n\t\talert(\"Debes Ingresar El Telefono\");\r\n\t\treturn;\r\n\t}\r\n\t\r\n\t\r\n\tif (document.frmDatos.email.value==\"\")\r\n\t{\r\n\t\talert(\"Debes Ingresar El Email\");\r\n\t\treturn;\r\n\t}\r\n\r\n\r\n\t\r\n\tfrmDatos.submit();\r\n\t\t\t\r\n}\r\n<\/SCRIPT>\r\n\r\n\r\n<table width=\"100%\" height=\"144\"  border=\"0\" cellpadding=\"0\" cellspacing=\"0\">\r\n  <tr>\r\n    <td align=\"center\">\r\n    <FORM action=\"http:\/\/chiaradiffusion.ar\/chiara\/registro_usuarios.php\" method=\"post\" name=\"frmDatos\" target=\"_parent\">\r\n      <table width=\"353\" border=\"0\" align=\"center\" cellpadding=\"0\" cellspacing=\"3\">\r\n        <tr bgcolor=\"#f5e1a3\">\r\n            <td width=\"172\" bgcolor=\"#E7E5E5\"><div align=\"left\" class=\"style10\">Nombre:<\/div><\/td>\r\n            <td width=\"172\" bgcolor=\"#E7E5E5\"><div align=\"left\">\r\n              <span class=\"style10\">\r\n            <input name=\"nombre\" class=\"obj\" type=\"text\" id=\"nombre\"\/>\r\n            *<\/span><\/div><\/td>\r\n          <\/tr>\r\n          <tr bgcolor=\"#f5e1a3\">\r\n            <td bgcolor=\"#E7E5E5\"><div align=\"left\" class=\"style10\">Apellido:<\/div><\/td>\r\n            <td bgcolor=\"#E7E5E5\"><div align=\"left\">\r\n              <span class=\"style10\">\r\n            <input name=\"apellido\" class=\"obj\" type=\"text\" id=\"apellido\"\/>\r\n            *<\/span><\/div><\/td>\r\n          <\/tr>\r\n          <tr bgcolor=\"#E7E5E5\">\r\n            <td bgcolor=\"#E7E5E5\"><div align=\"left\" class=\"style10\">Tel&eacute;fono:<\/div><\/td>\r\n            <td bgcolor=\"#E7E5E5\"><div align=\"left\">\r\n              <span class=\"style10\">\r\n            <input name=\"telefono\" type=\"text\" id=\"telefono2\"\/>\r\n            *<\/span><\/div><\/td>\r\n          <\/tr>\r\n          <tr bgcolor=\"#E7E5E5\">\r\n            <td bgcolor=\"#E7E5E5\"><div align=\"left\" class=\"style10\">Email:<\/div><\/td>\r\n            <td bgcolor=\"#E7E5E5\"><div align=\"left\">\r\n              <span class=\"style10\">\r\n            <input name=\"email\" class=\"obj\" type=\"text\" id=\"email2\">\r\n            *<\/span><\/div><\/td>\r\n          <\/tr>\r\n          <tr bgcolor=\"#E7E5E5\">\r\n            <td align=\"left\" bgcolor=\"#E7E5E5\" class=\"style10\">Deseacomprar para<br \/>\r\n              Comercializar en su ciudad?;<\/td>\r\n            <td align=\"center\" bgcolor=\"#E7E5E5\" class=\"style10\">SI\r\n               <input name=\"desea\" type=\"radio\" id=\"radio\" value=\"1\" \/> \r\n              | NO \r\n            <input type=\"radio\" name=\"desea\" id=\"radio2\" value=\"0\" \/>\r\n            <\/td>\r\n          <\/tr>\r\n          <tr bgcolor=\"#E7E5E5\">\r\n            <td bgcolor=\"#E7E5E5\">&nbsp;<\/td>\r\n            <td bgcolor=\"#E7E5E5\">&nbsp;<\/td>\r\n          <\/tr>\r\n          <tr bgcolor=\"#E7E5E5\">\r\n            <td colspan=\"2\" align=\"left\" bgcolor=\"#E7E5E5\" class=\"style10\">Comentarios:<br>\r\n<textarea name=\"comentarios\" id=\"comentarios\" cols=\"30\" rows=\"5\"><\/textarea>            <\/td>\r\n          <\/tr>\r\n          <tr bgcolor=\"#E7E5E5\">\r\n            <td bgcolor=\"#E7E5E5\">&nbsp;<\/td>\r\n            <td bgcolor=\"#E7E5E5\">&nbsp;<\/td>\r\n          <\/tr>\r\n          <tr bgcolor=\"#F7F0FF\">\r\n            <td colspan=\"2\" bgcolor=\"#E7E5E5\" class=\"style10\">\r\n              <input name=\"back\" type=\"hidden\" value=\"0\" \/>\r\n            <input name=\"directo\" type=\"hidden\" value=\"5000\" \/>\r\n            <\/td>\r\n          <\/tr>\r\n          <tr>\r\n            <td height=\"43\" colspan=\"2\" bgcolor=\"#E7E5E5\">\r\n              <div align=\"left\">\r\n\t\t\t  \r\n                <span class=\"style10\">\r\n                <INPUT class=\"obj\" onclick=\"EnviarDatos()\" value=\"ENVIAR\" type=button>\r\n                <br>\r\n            Datos  necesarios              <\/span><\/div><\/td>\r\n          <\/tr>\r\n        <\/table>\r\n      <div align=\"center\"><\/div>\r\n    <\/form><\/td>\r\n  <\/tr>\r\n<\/table>\r\n\r\n\r\n\r\n<\/div>\n\t\t\t\t\t\t<\/div>\n\t\t\t\t<\/div>\n\t\t\t\t\t<\/div>\n\t\t<\/div>\n\t\t\t\t<div class=\"elementor-column elementor-col-33 elementor-top-column elementor-element elementor-element-c5eba4a\" data-id=\"c5eba4a\" data-element_type=\"column\" data-e-type=\"column\">\n\t\t\t<div class=\"elementor-widget-wrap\">\n\t\t\t\t\t\t\t<\/div>\n\t\t<\/div>\n\t\t\t\t\t<\/div>\n\t\t<\/section>\n\t\t\t\t<\/div>\n\t\t","protected":false},"excerpt":{"rendered":"<p>Formulario de Registro Debes regiistrarte para ingresar al cat\u00e1logo.Obtendr\u00e1s la clave en forma inmediata y podr\u00e1s acceder. Te invitamos a registrarte. Completa los datos de del formulario. Los campos marcados con (*) so nnecesarios.<\/p>\n","protected":false},"author":2,"featured_media":0,"parent":0,"menu_order":0,"comment_status":"closed","ping_status":"closed","template":"","meta":{"site-sidebar-layout":"no-sidebar","site-content-layout":"page-builder","ast-site-content-layout":"default","site-content-style":"default","site-sidebar-style":"default","ast-global-header-display":"","ast-banner-title-visibility":"","ast-main-header-display":"","ast-hfb-above-header-display":"","ast-hfb-below-header-display":"","ast-hfb-mobile-header-display":"","site-post-title":"disabled","ast-breadcrumbs-content":"","ast-featured-img":"disabled","footer-sml-layout":"","ast-disable-related-posts":"","theme-transparent-header-meta":"","adv-header-id-meta":"","stick-header-meta":"","header-above-stick-meta":"","header-main-stick-meta":"","header-below-stick-meta":"","astra-migrate-meta-layouts":"default","ast-page-background-enabled":"default","ast-page-background-meta":{"desktop":{"background-color":"var(--ast-global-color-4)","background-image":"","background-repeat":"repeat","background-position":"center center","background-size":"auto","background-attachment":"scroll","background-type":"","background-media":"","overlay-type":"","overlay-color":"","overlay-opacity":"","overlay-gradient":""},"tablet":{"background-color":"","background-image":"","background-repeat":"repeat","background-position":"center center","background-size":"auto","background-attachment":"scroll","background-type":"","background-media":"","overlay-type":"","overlay-color":"","overlay-opacity":"","overlay-gradient":""},"mobile":{"background-color":"","background-image":"","background-repeat":"repeat","background-position":"center center","background-size":"auto","background-attachment":"scroll","background-type":"","background-media":"","overlay-type":"","overlay-color":"","overlay-opacity":"","overlay-gradient":""}},"ast-content-background-meta":{"desktop":{"background-color":"var(--ast-global-color-5)","background-image":"","background-repeat":"repeat","background-position":"center center","background-size":"auto","background-attachment":"scroll","background-type":"","background-media":"","overlay-type":"","overlay-color":"","overlay-opacity":"","overlay-gradient":""},"tablet":{"background-color":"var(--ast-global-color-5)","background-image":"","background-repeat":"repeat","background-position":"center center","background-size":"auto","background-attachment":"scroll","background-type":"","background-media":"","overlay-type":"","overlay-color":"","overlay-opacity":"","overlay-gradient":""},"mobile":{"background-color":"var(--ast-global-color-5)","background-image":"","background-repeat":"repeat","background-position":"center center","background-size":"auto","background-attachment":"scroll","background-type":"","background-media":"","overlay-type":"","overlay-color":"","overlay-opacity":"","overlay-gradient":""}},"footnotes":""},"class_list":["post-160","page","type-page","status-publish","hentry"],"yoast_head":"<!-- This site is optimized with the Yoast SEO plugin v27.4 - https:\/\/yoast.com\/product\/yoast-seo-wordpress\/ -->\n<title>Registro para Ingresar al Cat\u00e1logo - Chiara Diffusion, Fabrica de Tejidos de Punto<\/title>\n<meta name=\"robots\" content=\"index, follow, max-snippet:-1, max-image-preview:large, max-video-preview:-1\" \/>\n<link rel=\"canonical\" href=\"https:\/\/chiaradiffusion.com.ar\/sitioweb\/registro-para-ingresar-al-catalogo\/\" \/>\n<meta property=\"og:locale\" content=\"es_ES\" \/>\n<meta property=\"og:type\" content=\"article\" \/>\n<meta property=\"og:title\" content=\"Registro para Ingresar al Cat\u00e1logo - Chiara Diffusion, Fabrica de Tejidos de Punto\" \/>\n<meta property=\"og:description\" content=\"Formulario de Registro Debes regiistrarte para ingresar al cat\u00e1logo.Obtendr\u00e1s la clave en forma inmediata y podr\u00e1s acceder. Te invitamos a registrarte. Completa los datos de del formulario. Los campos marcados con (*) so nnecesarios.\" \/>\n<meta property=\"og:url\" content=\"https:\/\/chiaradiffusion.com.ar\/sitioweb\/registro-para-ingresar-al-catalogo\/\" \/>\n<meta property=\"og:site_name\" content=\"Chiara Diffusion, Fabrica de Tejidos de Punto\" \/>\n<meta property=\"article:modified_time\" content=\"2021-08-11T00:32:38+00:00\" \/>\n<meta name=\"twitter:card\" content=\"summary_large_image\" \/>\n<script type=\"application\/ld+json\" class=\"yoast-schema-graph\">{\"@context\":\"https:\\\/\\\/schema.org\",\"@graph\":[{\"@type\":\"WebPage\",\"@id\":\"https:\\\/\\\/chiaradiffusion.com.ar\\\/sitioweb\\\/registro-para-ingresar-al-catalogo\\\/\",\"url\":\"https:\\\/\\\/chiaradiffusion.com.ar\\\/sitioweb\\\/registro-para-ingresar-al-catalogo\\\/\",\"name\":\"Registro para Ingresar al Cat\u00e1logo - Chiara Diffusion, Fabrica de Tejidos de Punto\",\"isPartOf\":{\"@id\":\"https:\\\/\\\/chiaradiffusion.com.ar\\\/sitioweb\\\/#website\"},\"datePublished\":\"2021-08-10T22:14:17+00:00\",\"dateModified\":\"2021-08-11T00:32:38+00:00\",\"breadcrumb\":{\"@id\":\"https:\\\/\\\/chiaradiffusion.com.ar\\\/sitioweb\\\/registro-para-ingresar-al-catalogo\\\/#breadcrumb\"},\"inLanguage\":\"es\",\"potentialAction\":[{\"@type\":\"ReadAction\",\"target\":[\"https:\\\/\\\/chiaradiffusion.com.ar\\\/sitioweb\\\/registro-para-ingresar-al-catalogo\\\/\"]}]},{\"@type\":\"BreadcrumbList\",\"@id\":\"https:\\\/\\\/chiaradiffusion.com.ar\\\/sitioweb\\\/registro-para-ingresar-al-catalogo\\\/#breadcrumb\",\"itemListElement\":[{\"@type\":\"ListItem\",\"position\":1,\"name\":\"Portada\",\"item\":\"https:\\\/\\\/chiaradiffusion.com.ar\\\/sitioweb\\\/\"},{\"@type\":\"ListItem\",\"position\":2,\"name\":\"Registro para Ingresar al Cat\u00e1logo\"}]},{\"@type\":\"WebSite\",\"@id\":\"https:\\\/\\\/chiaradiffusion.com.ar\\\/sitioweb\\\/#website\",\"url\":\"https:\\\/\\\/chiaradiffusion.com.ar\\\/sitioweb\\\/\",\"name\":\"Chiara Diffusion, Fabrica de Tejidos de Punto\",\"description\":\"Dise\u00f1o, confecci\u00f3n y comercializaci\u00f3n de prendas de tejido de punto.\",\"publisher\":{\"@id\":\"https:\\\/\\\/chiaradiffusion.com.ar\\\/sitioweb\\\/#organization\"},\"potentialAction\":[{\"@type\":\"SearchAction\",\"target\":{\"@type\":\"EntryPoint\",\"urlTemplate\":\"https:\\\/\\\/chiaradiffusion.com.ar\\\/sitioweb\\\/?s={search_term_string}\"},\"query-input\":{\"@type\":\"PropertyValueSpecification\",\"valueRequired\":true,\"valueName\":\"search_term_string\"}}],\"inLanguage\":\"es\"},{\"@type\":\"Organization\",\"@id\":\"https:\\\/\\\/chiaradiffusion.com.ar\\\/sitioweb\\\/#organization\",\"name\":\"Chiara Diffusion, Fabrica de Tejidos de Punto\",\"url\":\"https:\\\/\\\/chiaradiffusion.com.ar\\\/sitioweb\\\/\",\"logo\":{\"@type\":\"ImageObject\",\"inLanguage\":\"es\",\"@id\":\"https:\\\/\\\/chiaradiffusion.com.ar\\\/sitioweb\\\/#\\\/schema\\\/logo\\\/image\\\/\",\"url\":\"https:\\\/\\\/chiaradiffusion.com.ar\\\/sitioweb\\\/wp-content\\\/uploads\\\/2021\\\/08\\\/logo_365.png\",\"contentUrl\":\"https:\\\/\\\/chiaradiffusion.com.ar\\\/sitioweb\\\/wp-content\\\/uploads\\\/2021\\\/08\\\/logo_365.png\",\"width\":350,\"height\":118,\"caption\":\"Chiara Diffusion, Fabrica de Tejidos de Punto\"},\"image\":{\"@id\":\"https:\\\/\\\/chiaradiffusion.com.ar\\\/sitioweb\\\/#\\\/schema\\\/logo\\\/image\\\/\"}}]}<\/script>\n<!-- \/ Yoast SEO plugin. -->","yoast_head_json":{"title":"Registro para Ingresar al Cat\u00e1logo - Chiara Diffusion, Fabrica de Tejidos de Punto","robots":{"index":"index","follow":"follow","max-snippet":"max-snippet:-1","max-image-preview":"max-image-preview:large","max-video-preview":"max-video-preview:-1"},"canonical":"https:\/\/chiaradiffusion.com.ar\/sitioweb\/registro-para-ingresar-al-catalogo\/","og_locale":"es_ES","og_type":"article","og_title":"Registro para Ingresar al Cat\u00e1logo - Chiara Diffusion, Fabrica de Tejidos de Punto","og_description":"Formulario de Registro Debes regiistrarte para ingresar al cat\u00e1logo.Obtendr\u00e1s la clave en forma inmediata y podr\u00e1s acceder. Te invitamos a registrarte. Completa los datos de del formulario. Los campos marcados con (*) so nnecesarios.","og_url":"https:\/\/chiaradiffusion.com.ar\/sitioweb\/registro-para-ingresar-al-catalogo\/","og_site_name":"Chiara Diffusion, Fabrica de Tejidos de Punto","article_modified_time":"2021-08-11T00:32:38+00:00","twitter_card":"summary_large_image","schema":{"@context":"https:\/\/schema.org","@graph":[{"@type":"WebPage","@id":"https:\/\/chiaradiffusion.com.ar\/sitioweb\/registro-para-ingresar-al-catalogo\/","url":"https:\/\/chiaradiffusion.com.ar\/sitioweb\/registro-para-ingresar-al-catalogo\/","name":"Registro para Ingresar al Cat\u00e1logo - Chiara Diffusion, Fabrica de Tejidos de Punto","isPartOf":{"@id":"https:\/\/chiaradiffusion.com.ar\/sitioweb\/#website"},"datePublished":"2021-08-10T22:14:17+00:00","dateModified":"2021-08-11T00:32:38+00:00","breadcrumb":{"@id":"https:\/\/chiaradiffusion.com.ar\/sitioweb\/registro-para-ingresar-al-catalogo\/#breadcrumb"},"inLanguage":"es","potentialAction":[{"@type":"ReadAction","target":["https:\/\/chiaradiffusion.com.ar\/sitioweb\/registro-para-ingresar-al-catalogo\/"]}]},{"@type":"BreadcrumbList","@id":"https:\/\/chiaradiffusion.com.ar\/sitioweb\/registro-para-ingresar-al-catalogo\/#breadcrumb","itemListElement":[{"@type":"ListItem","position":1,"name":"Portada","item":"https:\/\/chiaradiffusion.com.ar\/sitioweb\/"},{"@type":"ListItem","position":2,"name":"Registro para Ingresar al Cat\u00e1logo"}]},{"@type":"WebSite","@id":"https:\/\/chiaradiffusion.com.ar\/sitioweb\/#website","url":"https:\/\/chiaradiffusion.com.ar\/sitioweb\/","name":"Chiara Diffusion, Fabrica de Tejidos de Punto","description":"Dise\u00f1o, confecci\u00f3n y comercializaci\u00f3n de prendas de tejido de punto.","publisher":{"@id":"https:\/\/chiaradiffusion.com.ar\/sitioweb\/#organization"},"potentialAction":[{"@type":"SearchAction","target":{"@type":"EntryPoint","urlTemplate":"https:\/\/chiaradiffusion.com.ar\/sitioweb\/?s={search_term_string}"},"query-input":{"@type":"PropertyValueSpecification","valueRequired":true,"valueName":"search_term_string"}}],"inLanguage":"es"},{"@type":"Organization","@id":"https:\/\/chiaradiffusion.com.ar\/sitioweb\/#organization","name":"Chiara Diffusion, Fabrica de Tejidos de Punto","url":"https:\/\/chiaradiffusion.com.ar\/sitioweb\/","logo":{"@type":"ImageObject","inLanguage":"es","@id":"https:\/\/chiaradiffusion.com.ar\/sitioweb\/#\/schema\/logo\/image\/","url":"https:\/\/chiaradiffusion.com.ar\/sitioweb\/wp-content\/uploads\/2021\/08\/logo_365.png","contentUrl":"https:\/\/chiaradiffusion.com.ar\/sitioweb\/wp-content\/uploads\/2021\/08\/logo_365.png","width":350,"height":118,"caption":"Chiara Diffusion, Fabrica de Tejidos de Punto"},"image":{"@id":"https:\/\/chiaradiffusion.com.ar\/sitioweb\/#\/schema\/logo\/image\/"}}]}},"_links":{"self":[{"href":"https:\/\/chiaradiffusion.com.ar\/sitioweb\/wp-json\/wp\/v2\/pages\/160","targetHints":{"allow":["GET"]}}],"collection":[{"href":"https:\/\/chiaradiffusion.com.ar\/sitioweb\/wp-json\/wp\/v2\/pages"}],"about":[{"href":"https:\/\/chiaradiffusion.com.ar\/sitioweb\/wp-json\/wp\/v2\/types\/page"}],"author":[{"embeddable":true,"href":"https:\/\/chiaradiffusion.com.ar\/sitioweb\/wp-json\/wp\/v2\/users\/2"}],"replies":[{"embeddable":true,"href":"https:\/\/chiaradiffusion.com.ar\/sitioweb\/wp-json\/wp\/v2\/comments?post=160"}],"version-history":[{"count":9,"href":"https:\/\/chiaradiffusion.com.ar\/sitioweb\/wp-json\/wp\/v2\/pages\/160\/revisions"}],"predecessor-version":[{"id":209,"href":"https:\/\/chiaradiffusion.com.ar\/sitioweb\/wp-json\/wp\/v2\/pages\/160\/revisions\/209"}],"wp:attachment":[{"href":"https:\/\/chiaradiffusion.com.ar\/sitioweb\/wp-json\/wp\/v2\/media?parent=160"}],"curies":[{"name":"wp","href":"https:\/\/api.w.org\/{rel}","templated":true}]}}