{"id":26,"date":"2021-08-02T17:45:07","date_gmt":"2021-08-02T17:45:07","guid":{"rendered":"https:\/\/chiaradiffusion.com.ar\/sitioweb\/?page_id=26"},"modified":"2021-08-24T23:32:45","modified_gmt":"2021-08-24T23:32:45","slug":"empresa","status":"publish","type":"page","link":"https:\/\/chiaradiffusion.com.ar\/sitioweb\/empresa\/","title":{"rendered":"Empresa"},"content":{"rendered":"\t\t<div data-elementor-type=\"wp-page\" data-elementor-id=\"26\" class=\"elementor elementor-26\">\n\t\t\t\t\t\t<section class=\"elementor-section elementor-top-section elementor-element elementor-element-02b7b45 elementor-section-boxed elementor-section-height-default elementor-section-height-default\" data-id=\"02b7b45\" data-element_type=\"section\" data-e-type=\"section\">\n\t\t\t\t\t\t<div class=\"elementor-container elementor-column-gap-default\">\n\t\t\t\t\t<div class=\"elementor-column elementor-col-100 elementor-top-column elementor-element elementor-element-471a8f0\" data-id=\"471a8f0\" data-element_type=\"column\" data-e-type=\"column\">\n\t\t\t<div class=\"elementor-widget-wrap elementor-element-populated\">\n\t\t\t\t\t\t<div class=\"elementor-element elementor-element-cafa351 elementor-widget elementor-widget-heading\" data-id=\"cafa351\" data-element_type=\"widget\" data-e-type=\"widget\" data-widget_type=\"heading.default\">\n\t\t\t\t<div class=\"elementor-widget-container\">\n\t\t\t\t\t<h2 class=\"elementor-heading-title elementor-size-default\">EMPRESA<\/h2>\t\t\t\t<\/div>\n\t\t\t\t<\/div>\n\t\t\t\t\t<\/div>\n\t\t<\/div>\n\t\t\t\t\t<\/div>\n\t\t<\/section>\n\t\t\t\t<section class=\"elementor-section elementor-top-section elementor-element elementor-element-9d7bfca elementor-section-boxed elementor-section-height-default elementor-section-height-default\" data-id=\"9d7bfca\" data-element_type=\"section\" data-e-type=\"section\">\n\t\t\t\t\t\t<div class=\"elementor-container elementor-column-gap-default\">\n\t\t\t\t\t<div class=\"elementor-column elementor-col-100 elementor-top-column elementor-element elementor-element-95034f4\" data-id=\"95034f4\" data-element_type=\"column\" data-e-type=\"column\">\n\t\t\t<div class=\"elementor-widget-wrap elementor-element-populated\">\n\t\t\t\t\t\t<div class=\"elementor-element elementor-element-351d067 elementor-widget elementor-widget-text-editor\" data-id=\"351d067\" data-element_type=\"widget\" data-e-type=\"widget\" data-widget_type=\"text-editor.default\">\n\t\t\t\t<div class=\"elementor-widget-container\">\n\t\t\t\t\t\t\t\t\t<p>Hola !!!! C\u00f3mo est\u00e1s !!! Somos ChiaraDiffusion una empresa marplatense con m\u00e1s de 30 a\u00f1os de experiencia en el dise\u00f1o , confecci\u00f3n y comercializaci\u00f3n de ropa y accesorios para mujeres modernas y vers\u00e1tiles!!<\/p><p>Hacemos todo env\u00edos por mayor a todo el pa\u00eds con una Inigualable pol\u00edtica de Cambios . Somos la \u00fanica empresa mayorista que permite cambiar lo que quieras cuando quieras , a\u00fan finalizando la temporada.<\/p><p>Tambi\u00e9n brindamos beneficio de exclusividad en tu zona.<\/p><p>En nuestro cat\u00e1logo de novedades que cambia cada 10 d\u00edas encontrar\u00e1s , Todo lo que tu local o showroom necesita escribinos a nuestro WhatsApp <a href=\"http:\/\/wa.me\/5492236938292\" target=\"_blank\" rel=\"noopener\">http:\/\/wa.me\/5492236938292<\/a> as\u00ed te lo enviamos.<\/p>\t\t\t\t\t\t\t\t<\/div>\n\t\t\t\t<\/div>\n\t\t\t\t\t<\/div>\n\t\t<\/div>\n\t\t\t\t\t<\/div>\n\t\t<\/section>\n\t\t\t\t<\/div>\n\t\t","protected":false},"excerpt":{"rendered":"<p>EMPRESA Hola !!!! C\u00f3mo est\u00e1s !!! Somos ChiaraDiffusion una empresa marplatense con m\u00e1s de 30 a\u00f1os de experiencia en el dise\u00f1o , confecci\u00f3n y comercializaci\u00f3n de ropa y accesorios para mujeres modernas y vers\u00e1tiles!! Hacemos todo env\u00edos por mayor a todo el pa\u00eds con una Inigualable pol\u00edtica de Cambios . Somos la \u00fanica empresa mayorista [&hellip;]<\/p>\n","protected":false},"author":2,"featured_media":0,"parent":0,"menu_order":0,"comment_status":"closed","ping_status":"open","template":"","meta":{"site-sidebar-layout":"no-sidebar","site-content-layout":"page-builder","ast-site-content-layout":"default","site-content-style":"default","site-sidebar-style":"default","ast-global-header-display":"","ast-banner-title-visibility":"","ast-main-header-display":"","ast-hfb-above-header-display":"","ast-hfb-below-header-display":"","ast-hfb-mobile-header-display":"","site-post-title":"disabled","ast-breadcrumbs-content":"","ast-featured-img":"disabled","footer-sml-layout":"","ast-disable-related-posts":"","theme-transparent-header-meta":"default","adv-header-id-meta":"","stick-header-meta":"","header-above-stick-meta":"","header-main-stick-meta":"","header-below-stick-meta":"","astra-migrate-meta-layouts":"default","ast-page-background-enabled":"default","ast-page-background-meta":{"desktop":{"background-color":"var(--ast-global-color-4)","background-image":"","background-repeat":"repeat","background-position":"center center","background-size":"auto","background-attachment":"scroll","background-type":"","background-media":"","overlay-type":"","overlay-color":"","overlay-opacity":"","overlay-gradient":""},"tablet":{"background-color":"","background-image":"","background-repeat":"repeat","background-position":"center center","background-size":"auto","background-attachment":"scroll","background-type":"","background-media":"","overlay-type":"","overlay-color":"","overlay-opacity":"","overlay-gradient":""},"mobile":{"background-color":"","background-image":"","background-repeat":"repeat","background-position":"center center","background-size":"auto","background-attachment":"scroll","background-type":"","background-media":"","overlay-type":"","overlay-color":"","overlay-opacity":"","overlay-gradient":""}},"ast-content-background-meta":{"desktop":{"background-color":"var(--ast-global-color-5)","background-image":"","background-repeat":"repeat","background-position":"center center","background-size":"auto","background-attachment":"scroll","background-type":"","background-media":"","overlay-type":"","overlay-color":"","overlay-opacity":"","overlay-gradient":""},"tablet":{"background-color":"var(--ast-global-color-5)","background-image":"","background-repeat":"repeat","background-position":"center center","background-size":"auto","background-attachment":"scroll","background-type":"","background-media":"","overlay-type":"","overlay-color":"","overlay-opacity":"","overlay-gradient":""},"mobile":{"background-color":"var(--ast-global-color-5)","background-image":"","background-repeat":"repeat","background-position":"center center","background-size":"auto","background-attachment":"scroll","background-type":"","background-media":"","overlay-type":"","overlay-color":"","overlay-opacity":"","overlay-gradient":""}},"footnotes":""},"class_list":["post-26","page","type-page","status-publish","hentry"],"yoast_head":"<!-- This site is optimized with the Yoast SEO plugin v27.4 - https:\/\/yoast.com\/product\/yoast-seo-wordpress\/ -->\n<title>Empresa - Chiara Diffusion, Fabrica de Tejidos de Punto<\/title>\n<meta name=\"robots\" content=\"index, follow, max-snippet:-1, max-image-preview:large, max-video-preview:-1\" \/>\n<link rel=\"canonical\" href=\"https:\/\/chiaradiffusion.com.ar\/sitioweb\/empresa\/\" \/>\n<meta property=\"og:locale\" content=\"es_ES\" \/>\n<meta property=\"og:type\" content=\"article\" \/>\n<meta property=\"og:title\" content=\"Empresa - Chiara Diffusion, Fabrica de Tejidos de Punto\" \/>\n<meta property=\"og:description\" content=\"EMPRESA Hola !!!! C\u00f3mo est\u00e1s !!! Somos ChiaraDiffusion una empresa marplatense con m\u00e1s de 30 a\u00f1os de experiencia en el dise\u00f1o , confecci\u00f3n y comercializaci\u00f3n de ropa y accesorios para mujeres modernas y vers\u00e1tiles!! Hacemos todo env\u00edos por mayor a todo el pa\u00eds con una Inigualable pol\u00edtica de Cambios . Somos la \u00fanica empresa mayorista [&hellip;]\" \/>\n<meta property=\"og:url\" content=\"https:\/\/chiaradiffusion.com.ar\/sitioweb\/empresa\/\" \/>\n<meta property=\"og:site_name\" content=\"Chiara Diffusion, Fabrica de Tejidos de Punto\" \/>\n<meta property=\"article:modified_time\" content=\"2021-08-24T23:32:45+00:00\" \/>\n<meta name=\"twitter:card\" content=\"summary_large_image\" \/>\n<meta name=\"twitter:label1\" content=\"Tiempo de lectura\" \/>\n\t<meta name=\"twitter:data1\" content=\"1 minuto\" \/>\n<script type=\"application\/ld+json\" class=\"yoast-schema-graph\">{\"@context\":\"https:\\\/\\\/schema.org\",\"@graph\":[{\"@type\":\"WebPage\",\"@id\":\"https:\\\/\\\/chiaradiffusion.com.ar\\\/sitioweb\\\/empresa\\\/\",\"url\":\"https:\\\/\\\/chiaradiffusion.com.ar\\\/sitioweb\\\/empresa\\\/\",\"name\":\"Empresa - Chiara Diffusion, Fabrica de Tejidos de Punto\",\"isPartOf\":{\"@id\":\"https:\\\/\\\/chiaradiffusion.com.ar\\\/sitioweb\\\/#website\"},\"datePublished\":\"2021-08-02T17:45:07+00:00\",\"dateModified\":\"2021-08-24T23:32:45+00:00\",\"breadcrumb\":{\"@id\":\"https:\\\/\\\/chiaradiffusion.com.ar\\\/sitioweb\\\/empresa\\\/#breadcrumb\"},\"inLanguage\":\"es\",\"potentialAction\":[{\"@type\":\"ReadAction\",\"target\":[\"https:\\\/\\\/chiaradiffusion.com.ar\\\/sitioweb\\\/empresa\\\/\"]}]},{\"@type\":\"BreadcrumbList\",\"@id\":\"https:\\\/\\\/chiaradiffusion.com.ar\\\/sitioweb\\\/empresa\\\/#breadcrumb\",\"itemListElement\":[{\"@type\":\"ListItem\",\"position\":1,\"name\":\"Portada\",\"item\":\"https:\\\/\\\/chiaradiffusion.com.ar\\\/sitioweb\\\/\"},{\"@type\":\"ListItem\",\"position\":2,\"name\":\"Empresa\"}]},{\"@type\":\"WebSite\",\"@id\":\"https:\\\/\\\/chiaradiffusion.com.ar\\\/sitioweb\\\/#website\",\"url\":\"https:\\\/\\\/chiaradiffusion.com.ar\\\/sitioweb\\\/\",\"name\":\"Chiara Diffusion, Fabrica de Tejidos de Punto\",\"description\":\"Dise\u00f1o, confecci\u00f3n y comercializaci\u00f3n de prendas de tejido de punto.\",\"publisher\":{\"@id\":\"https:\\\/\\\/chiaradiffusion.com.ar\\\/sitioweb\\\/#organization\"},\"potentialAction\":[{\"@type\":\"SearchAction\",\"target\":{\"@type\":\"EntryPoint\",\"urlTemplate\":\"https:\\\/\\\/chiaradiffusion.com.ar\\\/sitioweb\\\/?s={search_term_string}\"},\"query-input\":{\"@type\":\"PropertyValueSpecification\",\"valueRequired\":true,\"valueName\":\"search_term_string\"}}],\"inLanguage\":\"es\"},{\"@type\":\"Organization\",\"@id\":\"https:\\\/\\\/chiaradiffusion.com.ar\\\/sitioweb\\\/#organization\",\"name\":\"Chiara Diffusion, Fabrica de Tejidos de Punto\",\"url\":\"https:\\\/\\\/chiaradiffusion.com.ar\\\/sitioweb\\\/\",\"logo\":{\"@type\":\"ImageObject\",\"inLanguage\":\"es\",\"@id\":\"https:\\\/\\\/chiaradiffusion.com.ar\\\/sitioweb\\\/#\\\/schema\\\/logo\\\/image\\\/\",\"url\":\"https:\\\/\\\/chiaradiffusion.com.ar\\\/sitioweb\\\/wp-content\\\/uploads\\\/2021\\\/08\\\/logo_365.png\",\"contentUrl\":\"https:\\\/\\\/chiaradiffusion.com.ar\\\/sitioweb\\\/wp-content\\\/uploads\\\/2021\\\/08\\\/logo_365.png\",\"width\":350,\"height\":118,\"caption\":\"Chiara Diffusion, Fabrica de Tejidos de Punto\"},\"image\":{\"@id\":\"https:\\\/\\\/chiaradiffusion.com.ar\\\/sitioweb\\\/#\\\/schema\\\/logo\\\/image\\\/\"}}]}<\/script>\n<!-- \/ Yoast SEO plugin. -->","yoast_head_json":{"title":"Empresa - Chiara Diffusion, Fabrica de Tejidos de Punto","robots":{"index":"index","follow":"follow","max-snippet":"max-snippet:-1","max-image-preview":"max-image-preview:large","max-video-preview":"max-video-preview:-1"},"canonical":"https:\/\/chiaradiffusion.com.ar\/sitioweb\/empresa\/","og_locale":"es_ES","og_type":"article","og_title":"Empresa - Chiara Diffusion, Fabrica de Tejidos de Punto","og_description":"EMPRESA Hola !!!! C\u00f3mo est\u00e1s !!! Somos ChiaraDiffusion una empresa marplatense con m\u00e1s de 30 a\u00f1os de experiencia en el dise\u00f1o , confecci\u00f3n y comercializaci\u00f3n de ropa y accesorios para mujeres modernas y vers\u00e1tiles!! Hacemos todo env\u00edos por mayor a todo el pa\u00eds con una Inigualable pol\u00edtica de Cambios . Somos la \u00fanica empresa mayorista [&hellip;]","og_url":"https:\/\/chiaradiffusion.com.ar\/sitioweb\/empresa\/","og_site_name":"Chiara Diffusion, Fabrica de Tejidos de Punto","article_modified_time":"2021-08-24T23:32:45+00:00","twitter_card":"summary_large_image","twitter_misc":{"Tiempo de lectura":"1 minuto"},"schema":{"@context":"https:\/\/schema.org","@graph":[{"@type":"WebPage","@id":"https:\/\/chiaradiffusion.com.ar\/sitioweb\/empresa\/","url":"https:\/\/chiaradiffusion.com.ar\/sitioweb\/empresa\/","name":"Empresa - Chiara Diffusion, Fabrica de Tejidos de Punto","isPartOf":{"@id":"https:\/\/chiaradiffusion.com.ar\/sitioweb\/#website"},"datePublished":"2021-08-02T17:45:07+00:00","dateModified":"2021-08-24T23:32:45+00:00","breadcrumb":{"@id":"https:\/\/chiaradiffusion.com.ar\/sitioweb\/empresa\/#breadcrumb"},"inLanguage":"es","potentialAction":[{"@type":"ReadAction","target":["https:\/\/chiaradiffusion.com.ar\/sitioweb\/empresa\/"]}]},{"@type":"BreadcrumbList","@id":"https:\/\/chiaradiffusion.com.ar\/sitioweb\/empresa\/#breadcrumb","itemListElement":[{"@type":"ListItem","position":1,"name":"Portada","item":"https:\/\/chiaradiffusion.com.ar\/sitioweb\/"},{"@type":"ListItem","position":2,"name":"Empresa"}]},{"@type":"WebSite","@id":"https:\/\/chiaradiffusion.com.ar\/sitioweb\/#website","url":"https:\/\/chiaradiffusion.com.ar\/sitioweb\/","name":"Chiara Diffusion, Fabrica de Tejidos de Punto","description":"Dise\u00f1o, confecci\u00f3n y comercializaci\u00f3n de prendas de tejido de punto.","publisher":{"@id":"https:\/\/chiaradiffusion.com.ar\/sitioweb\/#organization"},"potentialAction":[{"@type":"SearchAction","target":{"@type":"EntryPoint","urlTemplate":"https:\/\/chiaradiffusion.com.ar\/sitioweb\/?s={search_term_string}"},"query-input":{"@type":"PropertyValueSpecification","valueRequired":true,"valueName":"search_term_string"}}],"inLanguage":"es"},{"@type":"Organization","@id":"https:\/\/chiaradiffusion.com.ar\/sitioweb\/#organization","name":"Chiara Diffusion, Fabrica de Tejidos de Punto","url":"https:\/\/chiaradiffusion.com.ar\/sitioweb\/","logo":{"@type":"ImageObject","inLanguage":"es","@id":"https:\/\/chiaradiffusion.com.ar\/sitioweb\/#\/schema\/logo\/image\/","url":"https:\/\/chiaradiffusion.com.ar\/sitioweb\/wp-content\/uploads\/2021\/08\/logo_365.png","contentUrl":"https:\/\/chiaradiffusion.com.ar\/sitioweb\/wp-content\/uploads\/2021\/08\/logo_365.png","width":350,"height":118,"caption":"Chiara Diffusion, Fabrica de Tejidos de Punto"},"image":{"@id":"https:\/\/chiaradiffusion.com.ar\/sitioweb\/#\/schema\/logo\/image\/"}}]}},"_links":{"self":[{"href":"https:\/\/chiaradiffusion.com.ar\/sitioweb\/wp-json\/wp\/v2\/pages\/26","targetHints":{"allow":["GET"]}}],"collection":[{"href":"https:\/\/chiaradiffusion.com.ar\/sitioweb\/wp-json\/wp\/v2\/pages"}],"about":[{"href":"https:\/\/chiaradiffusion.com.ar\/sitioweb\/wp-json\/wp\/v2\/types\/page"}],"author":[{"embeddable":true,"href":"https:\/\/chiaradiffusion.com.ar\/sitioweb\/wp-json\/wp\/v2\/users\/2"}],"replies":[{"embeddable":true,"href":"https:\/\/chiaradiffusion.com.ar\/sitioweb\/wp-json\/wp\/v2\/comments?post=26"}],"version-history":[{"count":7,"href":"https:\/\/chiaradiffusion.com.ar\/sitioweb\/wp-json\/wp\/v2\/pages\/26\/revisions"}],"predecessor-version":[{"id":421,"href":"https:\/\/chiaradiffusion.com.ar\/sitioweb\/wp-json\/wp\/v2\/pages\/26\/revisions\/421"}],"wp:attachment":[{"href":"https:\/\/chiaradiffusion.com.ar\/sitioweb\/wp-json\/wp\/v2\/media?parent=26"}],"curies":[{"name":"wp","href":"https:\/\/api.w.org\/{rel}","templated":true}]}}