{"id":31,"date":"2021-08-02T18:22:50","date_gmt":"2021-08-02T18:22:50","guid":{"rendered":"https:\/\/chiaradiffusion.com.ar\/sitioweb\/?page_id=31"},"modified":"2021-08-13T20:35:46","modified_gmt":"2021-08-13T20:35:46","slug":"local","status":"publish","type":"page","link":"https:\/\/chiaradiffusion.com.ar\/sitioweb\/local\/","title":{"rendered":"Local"},"content":{"rendered":"\t\t<div data-elementor-type=\"wp-page\" data-elementor-id=\"31\" class=\"elementor elementor-31\">\n\t\t\t\t\t\t<section class=\"elementor-section elementor-top-section elementor-element elementor-element-f1eaeec elementor-section-boxed elementor-section-height-default elementor-section-height-default\" data-id=\"f1eaeec\" data-element_type=\"section\" data-e-type=\"section\">\n\t\t\t\t\t\t<div class=\"elementor-container elementor-column-gap-default\">\n\t\t\t\t\t<div class=\"elementor-column elementor-col-100 elementor-top-column elementor-element elementor-element-435bff5\" data-id=\"435bff5\" data-element_type=\"column\" data-e-type=\"column\">\n\t\t\t<div class=\"elementor-widget-wrap elementor-element-populated\">\n\t\t\t\t\t\t<div class=\"elementor-element elementor-element-7894779 elementor-invisible elementor-widget elementor-widget-heading\" data-id=\"7894779\" data-element_type=\"widget\" data-e-type=\"widget\" data-settings=\"{&quot;_animation&quot;:&quot;bounceInRight&quot;}\" data-widget_type=\"heading.default\">\n\t\t\t\t<div class=\"elementor-widget-container\">\n\t\t\t\t\t<h2 class=\"elementor-heading-title elementor-size-default\">Local<\/h2>\t\t\t\t<\/div>\n\t\t\t\t<\/div>\n\t\t\t\t\t<\/div>\n\t\t<\/div>\n\t\t\t\t\t<\/div>\n\t\t<\/section>\n\t\t\t\t<section class=\"elementor-section elementor-top-section elementor-element elementor-element-3088175 elementor-section-boxed elementor-section-height-default elementor-section-height-default\" data-id=\"3088175\" data-element_type=\"section\" data-e-type=\"section\">\n\t\t\t\t\t\t<div class=\"elementor-container elementor-column-gap-default\">\n\t\t\t\t\t<div class=\"elementor-column elementor-col-50 elementor-top-column elementor-element elementor-element-11e07fe\" data-id=\"11e07fe\" data-element_type=\"column\" data-e-type=\"column\">\n\t\t\t<div class=\"elementor-widget-wrap elementor-element-populated\">\n\t\t\t\t\t\t<div class=\"elementor-element elementor-element-619de3e animated-slow elementor-invisible elementor-widget elementor-widget-text-editor\" data-id=\"619de3e\" data-element_type=\"widget\" data-e-type=\"widget\" data-settings=\"{&quot;_animation&quot;:&quot;fadeIn&quot;}\" data-widget_type=\"text-editor.default\">\n\t\t\t\t<div class=\"elementor-widget-container\">\n\t\t\t\t\t\t\t\t\t<p>Juan B. Justo 1060<br \/>Tel.: 223 693-8292<br \/>MAR DEL PLATA<\/p>\t\t\t\t\t\t\t\t<\/div>\n\t\t\t\t<\/div>\n\t\t\t\t<div class=\"elementor-element elementor-element-fbdf085 elementor-widget elementor-widget-spacer\" data-id=\"fbdf085\" data-element_type=\"widget\" data-e-type=\"widget\" data-widget_type=\"spacer.default\">\n\t\t\t\t<div class=\"elementor-widget-container\">\n\t\t\t\t\t\t\t<div class=\"elementor-spacer\">\n\t\t\t<div class=\"elementor-spacer-inner\"><\/div>\n\t\t<\/div>\n\t\t\t\t\t\t<\/div>\n\t\t\t\t<\/div>\n\t\t\t\t<div class=\"elementor-element elementor-element-41a7831 animated-slow elementor-invisible elementor-widget elementor-widget-google_maps\" data-id=\"41a7831\" data-element_type=\"widget\" data-e-type=\"widget\" data-settings=\"{&quot;_animation&quot;:&quot;fadeIn&quot;}\" data-widget_type=\"google_maps.default\">\n\t\t\t\t<div class=\"elementor-widget-container\">\n\t\t\t\t\t\t\t<div class=\"elementor-custom-embed\">\n\t\t\t<iframe loading=\"lazy\"\n\t\t\t\t\tsrc=\"https:\/\/maps.google.com\/maps?q=Avenida%20Juan%20B.%20Justo%201060%2C%20Mar%20del%20Plata%2C%20Provincia%20de%20Buenos%20Aires&#038;t=m&#038;z=16&#038;output=embed&#038;iwloc=near\"\n\t\t\t\t\ttitle=\"Avenida Juan B. Justo 1060, Mar del Plata, Provincia de Buenos Aires\"\n\t\t\t\t\taria-label=\"Avenida Juan B. Justo 1060, Mar del Plata, Provincia de Buenos Aires\"\n\t\t\t><\/iframe>\n\t\t<\/div>\n\t\t\t\t\t\t<\/div>\n\t\t\t\t<\/div>\n\t\t\t\t\t<\/div>\n\t\t<\/div>\n\t\t\t\t<div class=\"elementor-column elementor-col-50 elementor-top-column elementor-element elementor-element-f26221a\" data-id=\"f26221a\" data-element_type=\"column\" data-e-type=\"column\">\n\t\t\t<div class=\"elementor-widget-wrap elementor-element-populated\">\n\t\t\t\t\t\t<div class=\"elementor-element elementor-element-20dfae7 animated-slow elementor-invisible elementor-widget elementor-widget-video\" data-id=\"20dfae7\" data-element_type=\"widget\" data-e-type=\"widget\" data-settings=\"{&quot;youtube_url&quot;:&quot;https:\\\/\\\/youtu.be\\\/ruLEE3iX9Z8&quot;,&quot;_animation&quot;:&quot;fadeIn&quot;,&quot;video_type&quot;:&quot;youtube&quot;,&quot;controls&quot;:&quot;yes&quot;}\" data-widget_type=\"video.default\">\n\t\t\t\t<div class=\"elementor-widget-container\">\n\t\t\t\t\t\t\t<div class=\"elementor-wrapper elementor-open-inline\">\n\t\t\t<div class=\"elementor-video\"><\/div>\t\t<\/div>\n\t\t\t\t\t\t<\/div>\n\t\t\t\t<\/div>\n\t\t\t\t<div class=\"elementor-element elementor-element-ebf5f09 animated-slow elementor-invisible elementor-widget elementor-widget-video\" data-id=\"ebf5f09\" data-element_type=\"widget\" data-e-type=\"widget\" data-settings=\"{&quot;youtube_url&quot;:&quot;https:\\\/\\\/youtu.be\\\/Kqmhz9snz_k&quot;,&quot;_animation&quot;:&quot;fadeIn&quot;,&quot;video_type&quot;:&quot;youtube&quot;,&quot;controls&quot;:&quot;yes&quot;}\" data-widget_type=\"video.default\">\n\t\t\t\t<div class=\"elementor-widget-container\">\n\t\t\t\t\t\t\t<div class=\"elementor-wrapper elementor-open-inline\">\n\t\t\t<div class=\"elementor-video\"><\/div>\t\t<\/div>\n\t\t\t\t\t\t<\/div>\n\t\t\t\t<\/div>\n\t\t\t\t\t<\/div>\n\t\t<\/div>\n\t\t\t\t\t<\/div>\n\t\t<\/section>\n\t\t\t\t<\/div>\n\t\t","protected":false},"excerpt":{"rendered":"<p>Local Juan B. Justo 1060Tel.: 223 693-8292MAR DEL PLATA https:\/\/youtu.be\/ruLEE3iX9Z8https:\/\/youtu.be\/Kqmhz9snz_k<\/p>\n","protected":false},"author":2,"featured_media":0,"parent":0,"menu_order":0,"comment_status":"closed","ping_status":"closed","template":"","meta":{"site-sidebar-layout":"no-sidebar","site-content-layout":"page-builder","ast-site-content-layout":"default","site-content-style":"default","site-sidebar-style":"default","ast-global-header-display":"","ast-banner-title-visibility":"","ast-main-header-display":"","ast-hfb-above-header-display":"","ast-hfb-below-header-display":"","ast-hfb-mobile-header-display":"","site-post-title":"disabled","ast-breadcrumbs-content":"","ast-featured-img":"disabled","footer-sml-layout":"","ast-disable-related-posts":"","theme-transparent-header-meta":"default","adv-header-id-meta":"","stick-header-meta":"","header-above-stick-meta":"","header-main-stick-meta":"","header-below-stick-meta":"","astra-migrate-meta-layouts":"default","ast-page-background-enabled":"default","ast-page-background-meta":{"desktop":{"background-color":"var(--ast-global-color-4)","background-image":"","background-repeat":"repeat","background-position":"center center","background-size":"auto","background-attachment":"scroll","background-type":"","background-media":"","overlay-type":"","overlay-color":"","overlay-opacity":"","overlay-gradient":""},"tablet":{"background-color":"","background-image":"","background-repeat":"repeat","background-position":"center center","background-size":"auto","background-attachment":"scroll","background-type":"","background-media":"","overlay-type":"","overlay-color":"","overlay-opacity":"","overlay-gradient":""},"mobile":{"background-color":"","background-image":"","background-repeat":"repeat","background-position":"center center","background-size":"auto","background-attachment":"scroll","background-type":"","background-media":"","overlay-type":"","overlay-color":"","overlay-opacity":"","overlay-gradient":""}},"ast-content-background-meta":{"desktop":{"background-color":"var(--ast-global-color-5)","background-image":"","background-repeat":"repeat","background-position":"center center","background-size":"auto","background-attachment":"scroll","background-type":"","background-media":"","overlay-type":"","overlay-color":"","overlay-opacity":"","overlay-gradient":""},"tablet":{"background-color":"var(--ast-global-color-5)","background-image":"","background-repeat":"repeat","background-position":"center center","background-size":"auto","background-attachment":"scroll","background-type":"","background-media":"","overlay-type":"","overlay-color":"","overlay-opacity":"","overlay-gradient":""},"mobile":{"background-color":"var(--ast-global-color-5)","background-image":"","background-repeat":"repeat","background-position":"center center","background-size":"auto","background-attachment":"scroll","background-type":"","background-media":"","overlay-type":"","overlay-color":"","overlay-opacity":"","overlay-gradient":""}},"footnotes":""},"class_list":["post-31","page","type-page","status-publish","hentry"],"yoast_head":"<!-- This site is optimized with the Yoast SEO plugin v27.4 - https:\/\/yoast.com\/product\/yoast-seo-wordpress\/ -->\n<title>Local - Chiara Diffusion, Fabrica de Tejidos de Punto<\/title>\n<meta name=\"robots\" content=\"index, follow, max-snippet:-1, max-image-preview:large, max-video-preview:-1\" \/>\n<link rel=\"canonical\" href=\"https:\/\/chiaradiffusion.com.ar\/sitioweb\/local\/\" \/>\n<meta property=\"og:locale\" content=\"es_ES\" \/>\n<meta property=\"og:type\" content=\"article\" \/>\n<meta property=\"og:title\" content=\"Local - Chiara Diffusion, Fabrica de Tejidos de Punto\" \/>\n<meta property=\"og:description\" content=\"Local Juan B. Justo 1060Tel.: 223 693-8292MAR DEL PLATA https:\/\/youtu.be\/ruLEE3iX9Z8https:\/\/youtu.be\/Kqmhz9snz_k\" \/>\n<meta property=\"og:url\" content=\"https:\/\/chiaradiffusion.com.ar\/sitioweb\/local\/\" \/>\n<meta property=\"og:site_name\" content=\"Chiara Diffusion, Fabrica de Tejidos de Punto\" \/>\n<meta property=\"article:modified_time\" content=\"2021-08-13T20:35:46+00:00\" \/>\n<meta name=\"twitter:card\" content=\"summary_large_image\" \/>\n<script type=\"application\/ld+json\" class=\"yoast-schema-graph\">{\"@context\":\"https:\\\/\\\/schema.org\",\"@graph\":[{\"@type\":\"WebPage\",\"@id\":\"https:\\\/\\\/chiaradiffusion.com.ar\\\/sitioweb\\\/local\\\/\",\"url\":\"https:\\\/\\\/chiaradiffusion.com.ar\\\/sitioweb\\\/local\\\/\",\"name\":\"Local - Chiara Diffusion, Fabrica de Tejidos de Punto\",\"isPartOf\":{\"@id\":\"https:\\\/\\\/chiaradiffusion.com.ar\\\/sitioweb\\\/#website\"},\"datePublished\":\"2021-08-02T18:22:50+00:00\",\"dateModified\":\"2021-08-13T20:35:46+00:00\",\"breadcrumb\":{\"@id\":\"https:\\\/\\\/chiaradiffusion.com.ar\\\/sitioweb\\\/local\\\/#breadcrumb\"},\"inLanguage\":\"es\",\"potentialAction\":[{\"@type\":\"ReadAction\",\"target\":[\"https:\\\/\\\/chiaradiffusion.com.ar\\\/sitioweb\\\/local\\\/\"]}]},{\"@type\":\"BreadcrumbList\",\"@id\":\"https:\\\/\\\/chiaradiffusion.com.ar\\\/sitioweb\\\/local\\\/#breadcrumb\",\"itemListElement\":[{\"@type\":\"ListItem\",\"position\":1,\"name\":\"Portada\",\"item\":\"https:\\\/\\\/chiaradiffusion.com.ar\\\/sitioweb\\\/\"},{\"@type\":\"ListItem\",\"position\":2,\"name\":\"Local\"}]},{\"@type\":\"WebSite\",\"@id\":\"https:\\\/\\\/chiaradiffusion.com.ar\\\/sitioweb\\\/#website\",\"url\":\"https:\\\/\\\/chiaradiffusion.com.ar\\\/sitioweb\\\/\",\"name\":\"Chiara Diffusion, Fabrica de Tejidos de Punto\",\"description\":\"Dise\u00f1o, confecci\u00f3n y comercializaci\u00f3n de prendas de tejido de punto.\",\"publisher\":{\"@id\":\"https:\\\/\\\/chiaradiffusion.com.ar\\\/sitioweb\\\/#organization\"},\"potentialAction\":[{\"@type\":\"SearchAction\",\"target\":{\"@type\":\"EntryPoint\",\"urlTemplate\":\"https:\\\/\\\/chiaradiffusion.com.ar\\\/sitioweb\\\/?s={search_term_string}\"},\"query-input\":{\"@type\":\"PropertyValueSpecification\",\"valueRequired\":true,\"valueName\":\"search_term_string\"}}],\"inLanguage\":\"es\"},{\"@type\":\"Organization\",\"@id\":\"https:\\\/\\\/chiaradiffusion.com.ar\\\/sitioweb\\\/#organization\",\"name\":\"Chiara Diffusion, Fabrica de Tejidos de Punto\",\"url\":\"https:\\\/\\\/chiaradiffusion.com.ar\\\/sitioweb\\\/\",\"logo\":{\"@type\":\"ImageObject\",\"inLanguage\":\"es\",\"@id\":\"https:\\\/\\\/chiaradiffusion.com.ar\\\/sitioweb\\\/#\\\/schema\\\/logo\\\/image\\\/\",\"url\":\"https:\\\/\\\/chiaradiffusion.com.ar\\\/sitioweb\\\/wp-content\\\/uploads\\\/2021\\\/08\\\/logo_365.png\",\"contentUrl\":\"https:\\\/\\\/chiaradiffusion.com.ar\\\/sitioweb\\\/wp-content\\\/uploads\\\/2021\\\/08\\\/logo_365.png\",\"width\":350,\"height\":118,\"caption\":\"Chiara Diffusion, Fabrica de Tejidos de Punto\"},\"image\":{\"@id\":\"https:\\\/\\\/chiaradiffusion.com.ar\\\/sitioweb\\\/#\\\/schema\\\/logo\\\/image\\\/\"}}]}<\/script>\n<!-- \/ Yoast SEO plugin. -->","yoast_head_json":{"title":"Local - Chiara Diffusion, Fabrica de Tejidos de Punto","robots":{"index":"index","follow":"follow","max-snippet":"max-snippet:-1","max-image-preview":"max-image-preview:large","max-video-preview":"max-video-preview:-1"},"canonical":"https:\/\/chiaradiffusion.com.ar\/sitioweb\/local\/","og_locale":"es_ES","og_type":"article","og_title":"Local - Chiara Diffusion, Fabrica de Tejidos de Punto","og_description":"Local Juan B. Justo 1060Tel.: 223 693-8292MAR DEL PLATA https:\/\/youtu.be\/ruLEE3iX9Z8https:\/\/youtu.be\/Kqmhz9snz_k","og_url":"https:\/\/chiaradiffusion.com.ar\/sitioweb\/local\/","og_site_name":"Chiara Diffusion, Fabrica de Tejidos de Punto","article_modified_time":"2021-08-13T20:35:46+00:00","twitter_card":"summary_large_image","schema":{"@context":"https:\/\/schema.org","@graph":[{"@type":"WebPage","@id":"https:\/\/chiaradiffusion.com.ar\/sitioweb\/local\/","url":"https:\/\/chiaradiffusion.com.ar\/sitioweb\/local\/","name":"Local - Chiara Diffusion, Fabrica de Tejidos de Punto","isPartOf":{"@id":"https:\/\/chiaradiffusion.com.ar\/sitioweb\/#website"},"datePublished":"2021-08-02T18:22:50+00:00","dateModified":"2021-08-13T20:35:46+00:00","breadcrumb":{"@id":"https:\/\/chiaradiffusion.com.ar\/sitioweb\/local\/#breadcrumb"},"inLanguage":"es","potentialAction":[{"@type":"ReadAction","target":["https:\/\/chiaradiffusion.com.ar\/sitioweb\/local\/"]}]},{"@type":"BreadcrumbList","@id":"https:\/\/chiaradiffusion.com.ar\/sitioweb\/local\/#breadcrumb","itemListElement":[{"@type":"ListItem","position":1,"name":"Portada","item":"https:\/\/chiaradiffusion.com.ar\/sitioweb\/"},{"@type":"ListItem","position":2,"name":"Local"}]},{"@type":"WebSite","@id":"https:\/\/chiaradiffusion.com.ar\/sitioweb\/#website","url":"https:\/\/chiaradiffusion.com.ar\/sitioweb\/","name":"Chiara Diffusion, Fabrica de Tejidos de Punto","description":"Dise\u00f1o, confecci\u00f3n y comercializaci\u00f3n de prendas de tejido de punto.","publisher":{"@id":"https:\/\/chiaradiffusion.com.ar\/sitioweb\/#organization"},"potentialAction":[{"@type":"SearchAction","target":{"@type":"EntryPoint","urlTemplate":"https:\/\/chiaradiffusion.com.ar\/sitioweb\/?s={search_term_string}"},"query-input":{"@type":"PropertyValueSpecification","valueRequired":true,"valueName":"search_term_string"}}],"inLanguage":"es"},{"@type":"Organization","@id":"https:\/\/chiaradiffusion.com.ar\/sitioweb\/#organization","name":"Chiara Diffusion, Fabrica de Tejidos de Punto","url":"https:\/\/chiaradiffusion.com.ar\/sitioweb\/","logo":{"@type":"ImageObject","inLanguage":"es","@id":"https:\/\/chiaradiffusion.com.ar\/sitioweb\/#\/schema\/logo\/image\/","url":"https:\/\/chiaradiffusion.com.ar\/sitioweb\/wp-content\/uploads\/2021\/08\/logo_365.png","contentUrl":"https:\/\/chiaradiffusion.com.ar\/sitioweb\/wp-content\/uploads\/2021\/08\/logo_365.png","width":350,"height":118,"caption":"Chiara Diffusion, Fabrica de Tejidos de Punto"},"image":{"@id":"https:\/\/chiaradiffusion.com.ar\/sitioweb\/#\/schema\/logo\/image\/"}}]}},"_links":{"self":[{"href":"https:\/\/chiaradiffusion.com.ar\/sitioweb\/wp-json\/wp\/v2\/pages\/31","targetHints":{"allow":["GET"]}}],"collection":[{"href":"https:\/\/chiaradiffusion.com.ar\/sitioweb\/wp-json\/wp\/v2\/pages"}],"about":[{"href":"https:\/\/chiaradiffusion.com.ar\/sitioweb\/wp-json\/wp\/v2\/types\/page"}],"author":[{"embeddable":true,"href":"https:\/\/chiaradiffusion.com.ar\/sitioweb\/wp-json\/wp\/v2\/users\/2"}],"replies":[{"embeddable":true,"href":"https:\/\/chiaradiffusion.com.ar\/sitioweb\/wp-json\/wp\/v2\/comments?post=31"}],"version-history":[{"count":25,"href":"https:\/\/chiaradiffusion.com.ar\/sitioweb\/wp-json\/wp\/v2\/pages\/31\/revisions"}],"predecessor-version":[{"id":294,"href":"https:\/\/chiaradiffusion.com.ar\/sitioweb\/wp-json\/wp\/v2\/pages\/31\/revisions\/294"}],"wp:attachment":[{"href":"https:\/\/chiaradiffusion.com.ar\/sitioweb\/wp-json\/wp\/v2\/media?parent=31"}],"curies":[{"name":"wp","href":"https:\/\/api.w.org\/{rel}","templated":true}]}}