{"id":71,"date":"2021-08-09T19:24:36","date_gmt":"2021-08-09T19:24:36","guid":{"rendered":"https:\/\/chiaradiffusion.com.ar\/sitioweb\/?page_id=71"},"modified":"2021-08-12T18:07:03","modified_gmt":"2021-08-12T18:07:03","slug":"franquicias","status":"publish","type":"page","link":"https:\/\/chiaradiffusion.com.ar\/sitioweb\/franquicias\/","title":{"rendered":"Franquicias"},"content":{"rendered":"\t\t<div data-elementor-type=\"wp-page\" data-elementor-id=\"71\" class=\"elementor elementor-71\">\n\t\t\t\t\t\t<section class=\"elementor-section elementor-top-section elementor-element elementor-element-b375d24 elementor-section-boxed elementor-section-height-default elementor-section-height-default\" data-id=\"b375d24\" data-element_type=\"section\" data-e-type=\"section\">\n\t\t\t\t\t\t<div class=\"elementor-container elementor-column-gap-default\">\n\t\t\t\t\t<div class=\"elementor-column elementor-col-100 elementor-top-column elementor-element elementor-element-9a54d4d\" data-id=\"9a54d4d\" data-element_type=\"column\" data-e-type=\"column\">\n\t\t\t<div class=\"elementor-widget-wrap elementor-element-populated\">\n\t\t\t\t\t\t<div class=\"elementor-element elementor-element-67beb08 elementor-widget elementor-widget-heading\" data-id=\"67beb08\" data-element_type=\"widget\" data-e-type=\"widget\" data-widget_type=\"heading.default\">\n\t\t\t\t<div class=\"elementor-widget-container\">\n\t\t\t\t\t<h2 class=\"elementor-heading-title elementor-size-default\">Franquicias<\/h2>\t\t\t\t<\/div>\n\t\t\t\t<\/div>\n\t\t\t\t\t<\/div>\n\t\t<\/div>\n\t\t\t\t\t<\/div>\n\t\t<\/section>\n\t\t\t\t<section class=\"elementor-section elementor-top-section elementor-element elementor-element-4968d6c elementor-section-boxed elementor-section-height-default elementor-section-height-default\" data-id=\"4968d6c\" data-element_type=\"section\" data-e-type=\"section\">\n\t\t\t\t\t\t<div class=\"elementor-container elementor-column-gap-default\">\n\t\t\t\t\t<div class=\"elementor-column elementor-col-100 elementor-top-column elementor-element elementor-element-6bf5097\" data-id=\"6bf5097\" data-element_type=\"column\" data-e-type=\"column\">\n\t\t\t<div class=\"elementor-widget-wrap elementor-element-populated\">\n\t\t\t\t\t\t<div class=\"elementor-element elementor-element-51537c3 elementor-widget elementor-widget-text-editor\" data-id=\"51537c3\" data-element_type=\"widget\" data-e-type=\"widget\" data-widget_type=\"text-editor.default\">\n\t\t\t\t<div class=\"elementor-widget-container\">\n\t\t\t\t\t\t\t\t\t<p><strong>MISION<\/strong><br \/>Nuestra misi\u00f3n es el dise\u00f1o, confecci\u00f3n y comercializaci\u00f3n de prendas de vestir para la mujer. Nuestro esp\u00edritu es la constante innovaci\u00f3n para ofrecer a nuestros clientes, mayoristas y franquiciadas colecciones diferentes, prendas para la mujer moderna, elegante y actual.<\/p><p><strong>VISI\u00d3N<\/strong><br \/>Queremos ser una empresa l\u00edder de la industria textil a nivel nacional y que nuestro nombre sea reconocido como sin\u00f3nimo de dise\u00f1o exclusivo y calidad.<\/p><p><strong>NUESTROS VALORES<\/strong><br \/>Armon\u00eda: Entendemos por armon\u00eda la perfecta conjunci\u00f3n entre todos los procesos que integran el negocio. Desde el dise\u00f1o de nuestras prendas hasta la satisfacci\u00f3n del cliente.<\/p><p><strong>Crecimiento<\/strong>: Que todos los procesos se realicen con la profesionalidad que le corresponde a cada persona que forma parte de la organizaci\u00f3n, de esa manera lograremos que el producto de cada proceso sea entregado al siguiente en las mejores condiciones para llegar al mejor producto final, el cual refleje el esfuerzo de toda la empresa.<\/p><p><strong>Identidad \/ Diferenciaci\u00f3n:<\/strong> Queremos ser reconocidos por nuestro producto.<br \/>Nuestras prendas distintivas deben reflejar nuestro esfuerzo para que cada prenda nos identifique del resto.<\/p><p>\u00abA trav\u00e9s de la diferenciaci\u00f3n que refleja nuestra identidad buscamos el permanente crecimiento de Chiara Diffusion.<\/p><p>A partir de la b\u00fasqueda constante de la excelencia en toda la empresa queremos encontrar la armon\u00eda de nuestros procesos que nos ayude a lograr nuestros objetivos de crecimiento.\u00bb<\/p>\t\t\t\t\t\t\t\t<\/div>\n\t\t\t\t<\/div>\n\t\t\t\t\t<\/div>\n\t\t<\/div>\n\t\t\t\t\t<\/div>\n\t\t<\/section>\n\t\t\t\t<\/div>\n\t\t","protected":false},"excerpt":{"rendered":"<p>Franquicias MISIONNuestra misi\u00f3n es el dise\u00f1o, confecci\u00f3n y comercializaci\u00f3n de prendas de vestir para la mujer. Nuestro esp\u00edritu es la constante innovaci\u00f3n para ofrecer a nuestros clientes, mayoristas y franquiciadas colecciones diferentes, prendas para la mujer moderna, elegante y actual. VISI\u00d3NQueremos ser una empresa l\u00edder de la industria textil a nivel nacional y que nuestro [&hellip;]<\/p>\n","protected":false},"author":2,"featured_media":0,"parent":0,"menu_order":0,"comment_status":"closed","ping_status":"closed","template":"","meta":{"site-sidebar-layout":"no-sidebar","site-content-layout":"page-builder","ast-site-content-layout":"default","site-content-style":"default","site-sidebar-style":"default","ast-global-header-display":"","ast-banner-title-visibility":"","ast-main-header-display":"","ast-hfb-above-header-display":"","ast-hfb-below-header-display":"","ast-hfb-mobile-header-display":"","site-post-title":"disabled","ast-breadcrumbs-content":"","ast-featured-img":"disabled","footer-sml-layout":"","ast-disable-related-posts":"","theme-transparent-header-meta":"default","adv-header-id-meta":"","stick-header-meta":"","header-above-stick-meta":"","header-main-stick-meta":"","header-below-stick-meta":"","astra-migrate-meta-layouts":"default","ast-page-background-enabled":"default","ast-page-background-meta":{"desktop":{"background-color":"var(--ast-global-color-4)","background-image":"","background-repeat":"repeat","background-position":"center center","background-size":"auto","background-attachment":"scroll","background-type":"","background-media":"","overlay-type":"","overlay-color":"","overlay-opacity":"","overlay-gradient":""},"tablet":{"background-color":"","background-image":"","background-repeat":"repeat","background-position":"center center","background-size":"auto","background-attachment":"scroll","background-type":"","background-media":"","overlay-type":"","overlay-color":"","overlay-opacity":"","overlay-gradient":""},"mobile":{"background-color":"","background-image":"","background-repeat":"repeat","background-position":"center center","background-size":"auto","background-attachment":"scroll","background-type":"","background-media":"","overlay-type":"","overlay-color":"","overlay-opacity":"","overlay-gradient":""}},"ast-content-background-meta":{"desktop":{"background-color":"var(--ast-global-color-5)","background-image":"","background-repeat":"repeat","background-position":"center center","background-size":"auto","background-attachment":"scroll","background-type":"","background-media":"","overlay-type":"","overlay-color":"","overlay-opacity":"","overlay-gradient":""},"tablet":{"background-color":"var(--ast-global-color-5)","background-image":"","background-repeat":"repeat","background-position":"center center","background-size":"auto","background-attachment":"scroll","background-type":"","background-media":"","overlay-type":"","overlay-color":"","overlay-opacity":"","overlay-gradient":""},"mobile":{"background-color":"var(--ast-global-color-5)","background-image":"","background-repeat":"repeat","background-position":"center center","background-size":"auto","background-attachment":"scroll","background-type":"","background-media":"","overlay-type":"","overlay-color":"","overlay-opacity":"","overlay-gradient":""}},"footnotes":""},"class_list":["post-71","page","type-page","status-publish","hentry"],"yoast_head":"<!-- This site is optimized with the Yoast SEO plugin v27.4 - https:\/\/yoast.com\/product\/yoast-seo-wordpress\/ -->\n<title>Franquicias - Chiara Diffusion, Fabrica de Tejidos de Punto<\/title>\n<meta name=\"robots\" content=\"index, follow, max-snippet:-1, max-image-preview:large, max-video-preview:-1\" \/>\n<link rel=\"canonical\" href=\"https:\/\/chiaradiffusion.com.ar\/sitioweb\/franquicias\/\" \/>\n<meta property=\"og:locale\" content=\"es_ES\" \/>\n<meta property=\"og:type\" content=\"article\" \/>\n<meta property=\"og:title\" content=\"Franquicias - Chiara Diffusion, Fabrica de Tejidos de Punto\" \/>\n<meta property=\"og:description\" content=\"Franquicias MISIONNuestra misi\u00f3n es el dise\u00f1o, confecci\u00f3n y comercializaci\u00f3n de prendas de vestir para la mujer. Nuestro esp\u00edritu es la constante innovaci\u00f3n para ofrecer a nuestros clientes, mayoristas y franquiciadas colecciones diferentes, prendas para la mujer moderna, elegante y actual. VISI\u00d3NQueremos ser una empresa l\u00edder de la industria textil a nivel nacional y que nuestro [&hellip;]\" \/>\n<meta property=\"og:url\" content=\"https:\/\/chiaradiffusion.com.ar\/sitioweb\/franquicias\/\" \/>\n<meta property=\"og:site_name\" content=\"Chiara Diffusion, Fabrica de Tejidos de Punto\" \/>\n<meta property=\"article:modified_time\" content=\"2021-08-12T18:07:03+00:00\" \/>\n<meta name=\"twitter:card\" content=\"summary_large_image\" \/>\n<meta name=\"twitter:label1\" content=\"Tiempo de lectura\" \/>\n\t<meta name=\"twitter:data1\" content=\"1 minuto\" \/>\n<script type=\"application\/ld+json\" class=\"yoast-schema-graph\">{\"@context\":\"https:\\\/\\\/schema.org\",\"@graph\":[{\"@type\":\"WebPage\",\"@id\":\"https:\\\/\\\/chiaradiffusion.com.ar\\\/sitioweb\\\/franquicias\\\/\",\"url\":\"https:\\\/\\\/chiaradiffusion.com.ar\\\/sitioweb\\\/franquicias\\\/\",\"name\":\"Franquicias - Chiara Diffusion, Fabrica de Tejidos de Punto\",\"isPartOf\":{\"@id\":\"https:\\\/\\\/chiaradiffusion.com.ar\\\/sitioweb\\\/#website\"},\"datePublished\":\"2021-08-09T19:24:36+00:00\",\"dateModified\":\"2021-08-12T18:07:03+00:00\",\"breadcrumb\":{\"@id\":\"https:\\\/\\\/chiaradiffusion.com.ar\\\/sitioweb\\\/franquicias\\\/#breadcrumb\"},\"inLanguage\":\"es\",\"potentialAction\":[{\"@type\":\"ReadAction\",\"target\":[\"https:\\\/\\\/chiaradiffusion.com.ar\\\/sitioweb\\\/franquicias\\\/\"]}]},{\"@type\":\"BreadcrumbList\",\"@id\":\"https:\\\/\\\/chiaradiffusion.com.ar\\\/sitioweb\\\/franquicias\\\/#breadcrumb\",\"itemListElement\":[{\"@type\":\"ListItem\",\"position\":1,\"name\":\"Portada\",\"item\":\"https:\\\/\\\/chiaradiffusion.com.ar\\\/sitioweb\\\/\"},{\"@type\":\"ListItem\",\"position\":2,\"name\":\"Franquicias\"}]},{\"@type\":\"WebSite\",\"@id\":\"https:\\\/\\\/chiaradiffusion.com.ar\\\/sitioweb\\\/#website\",\"url\":\"https:\\\/\\\/chiaradiffusion.com.ar\\\/sitioweb\\\/\",\"name\":\"Chiara Diffusion, Fabrica de Tejidos de Punto\",\"description\":\"Dise\u00f1o, confecci\u00f3n y comercializaci\u00f3n de prendas de tejido de punto.\",\"publisher\":{\"@id\":\"https:\\\/\\\/chiaradiffusion.com.ar\\\/sitioweb\\\/#organization\"},\"potentialAction\":[{\"@type\":\"SearchAction\",\"target\":{\"@type\":\"EntryPoint\",\"urlTemplate\":\"https:\\\/\\\/chiaradiffusion.com.ar\\\/sitioweb\\\/?s={search_term_string}\"},\"query-input\":{\"@type\":\"PropertyValueSpecification\",\"valueRequired\":true,\"valueName\":\"search_term_string\"}}],\"inLanguage\":\"es\"},{\"@type\":\"Organization\",\"@id\":\"https:\\\/\\\/chiaradiffusion.com.ar\\\/sitioweb\\\/#organization\",\"name\":\"Chiara Diffusion, Fabrica de Tejidos de Punto\",\"url\":\"https:\\\/\\\/chiaradiffusion.com.ar\\\/sitioweb\\\/\",\"logo\":{\"@type\":\"ImageObject\",\"inLanguage\":\"es\",\"@id\":\"https:\\\/\\\/chiaradiffusion.com.ar\\\/sitioweb\\\/#\\\/schema\\\/logo\\\/image\\\/\",\"url\":\"https:\\\/\\\/chiaradiffusion.com.ar\\\/sitioweb\\\/wp-content\\\/uploads\\\/2021\\\/08\\\/logo_365.png\",\"contentUrl\":\"https:\\\/\\\/chiaradiffusion.com.ar\\\/sitioweb\\\/wp-content\\\/uploads\\\/2021\\\/08\\\/logo_365.png\",\"width\":350,\"height\":118,\"caption\":\"Chiara Diffusion, Fabrica de Tejidos de Punto\"},\"image\":{\"@id\":\"https:\\\/\\\/chiaradiffusion.com.ar\\\/sitioweb\\\/#\\\/schema\\\/logo\\\/image\\\/\"}}]}<\/script>\n<!-- \/ Yoast SEO plugin. -->","yoast_head_json":{"title":"Franquicias - Chiara Diffusion, Fabrica de Tejidos de Punto","robots":{"index":"index","follow":"follow","max-snippet":"max-snippet:-1","max-image-preview":"max-image-preview:large","max-video-preview":"max-video-preview:-1"},"canonical":"https:\/\/chiaradiffusion.com.ar\/sitioweb\/franquicias\/","og_locale":"es_ES","og_type":"article","og_title":"Franquicias - Chiara Diffusion, Fabrica de Tejidos de Punto","og_description":"Franquicias MISIONNuestra misi\u00f3n es el dise\u00f1o, confecci\u00f3n y comercializaci\u00f3n de prendas de vestir para la mujer. Nuestro esp\u00edritu es la constante innovaci\u00f3n para ofrecer a nuestros clientes, mayoristas y franquiciadas colecciones diferentes, prendas para la mujer moderna, elegante y actual. VISI\u00d3NQueremos ser una empresa l\u00edder de la industria textil a nivel nacional y que nuestro [&hellip;]","og_url":"https:\/\/chiaradiffusion.com.ar\/sitioweb\/franquicias\/","og_site_name":"Chiara Diffusion, Fabrica de Tejidos de Punto","article_modified_time":"2021-08-12T18:07:03+00:00","twitter_card":"summary_large_image","twitter_misc":{"Tiempo de lectura":"1 minuto"},"schema":{"@context":"https:\/\/schema.org","@graph":[{"@type":"WebPage","@id":"https:\/\/chiaradiffusion.com.ar\/sitioweb\/franquicias\/","url":"https:\/\/chiaradiffusion.com.ar\/sitioweb\/franquicias\/","name":"Franquicias - Chiara Diffusion, Fabrica de Tejidos de Punto","isPartOf":{"@id":"https:\/\/chiaradiffusion.com.ar\/sitioweb\/#website"},"datePublished":"2021-08-09T19:24:36+00:00","dateModified":"2021-08-12T18:07:03+00:00","breadcrumb":{"@id":"https:\/\/chiaradiffusion.com.ar\/sitioweb\/franquicias\/#breadcrumb"},"inLanguage":"es","potentialAction":[{"@type":"ReadAction","target":["https:\/\/chiaradiffusion.com.ar\/sitioweb\/franquicias\/"]}]},{"@type":"BreadcrumbList","@id":"https:\/\/chiaradiffusion.com.ar\/sitioweb\/franquicias\/#breadcrumb","itemListElement":[{"@type":"ListItem","position":1,"name":"Portada","item":"https:\/\/chiaradiffusion.com.ar\/sitioweb\/"},{"@type":"ListItem","position":2,"name":"Franquicias"}]},{"@type":"WebSite","@id":"https:\/\/chiaradiffusion.com.ar\/sitioweb\/#website","url":"https:\/\/chiaradiffusion.com.ar\/sitioweb\/","name":"Chiara Diffusion, Fabrica de Tejidos de Punto","description":"Dise\u00f1o, confecci\u00f3n y comercializaci\u00f3n de prendas de tejido de punto.","publisher":{"@id":"https:\/\/chiaradiffusion.com.ar\/sitioweb\/#organization"},"potentialAction":[{"@type":"SearchAction","target":{"@type":"EntryPoint","urlTemplate":"https:\/\/chiaradiffusion.com.ar\/sitioweb\/?s={search_term_string}"},"query-input":{"@type":"PropertyValueSpecification","valueRequired":true,"valueName":"search_term_string"}}],"inLanguage":"es"},{"@type":"Organization","@id":"https:\/\/chiaradiffusion.com.ar\/sitioweb\/#organization","name":"Chiara Diffusion, Fabrica de Tejidos de Punto","url":"https:\/\/chiaradiffusion.com.ar\/sitioweb\/","logo":{"@type":"ImageObject","inLanguage":"es","@id":"https:\/\/chiaradiffusion.com.ar\/sitioweb\/#\/schema\/logo\/image\/","url":"https:\/\/chiaradiffusion.com.ar\/sitioweb\/wp-content\/uploads\/2021\/08\/logo_365.png","contentUrl":"https:\/\/chiaradiffusion.com.ar\/sitioweb\/wp-content\/uploads\/2021\/08\/logo_365.png","width":350,"height":118,"caption":"Chiara Diffusion, Fabrica de Tejidos de Punto"},"image":{"@id":"https:\/\/chiaradiffusion.com.ar\/sitioweb\/#\/schema\/logo\/image\/"}}]}},"_links":{"self":[{"href":"https:\/\/chiaradiffusion.com.ar\/sitioweb\/wp-json\/wp\/v2\/pages\/71","targetHints":{"allow":["GET"]}}],"collection":[{"href":"https:\/\/chiaradiffusion.com.ar\/sitioweb\/wp-json\/wp\/v2\/pages"}],"about":[{"href":"https:\/\/chiaradiffusion.com.ar\/sitioweb\/wp-json\/wp\/v2\/types\/page"}],"author":[{"embeddable":true,"href":"https:\/\/chiaradiffusion.com.ar\/sitioweb\/wp-json\/wp\/v2\/users\/2"}],"replies":[{"embeddable":true,"href":"https:\/\/chiaradiffusion.com.ar\/sitioweb\/wp-json\/wp\/v2\/comments?post=71"}],"version-history":[{"count":10,"href":"https:\/\/chiaradiffusion.com.ar\/sitioweb\/wp-json\/wp\/v2\/pages\/71\/revisions"}],"predecessor-version":[{"id":239,"href":"https:\/\/chiaradiffusion.com.ar\/sitioweb\/wp-json\/wp\/v2\/pages\/71\/revisions\/239"}],"wp:attachment":[{"href":"https:\/\/chiaradiffusion.com.ar\/sitioweb\/wp-json\/wp\/v2\/media?parent=71"}],"curies":[{"name":"wp","href":"https:\/\/api.w.org\/{rel}","templated":true}]}}