{"id":76,"date":"2021-08-09T19:25:43","date_gmt":"2021-08-09T19:25:43","guid":{"rendered":"https:\/\/chiaradiffusion.com.ar\/sitioweb\/?page_id=76"},"modified":"2021-08-24T23:34:37","modified_gmt":"2021-08-24T23:34:37","slug":"contacto","status":"publish","type":"page","link":"https:\/\/chiaradiffusion.com.ar\/sitioweb\/contacto\/","title":{"rendered":"Contacto"},"content":{"rendered":"\t\t<div data-elementor-type=\"wp-page\" data-elementor-id=\"76\" class=\"elementor elementor-76\">\n\t\t\t\t\t\t<section class=\"elementor-section elementor-top-section elementor-element elementor-element-79492ca elementor-section-boxed elementor-section-height-default elementor-section-height-default\" data-id=\"79492ca\" data-element_type=\"section\" data-e-type=\"section\">\n\t\t\t\t\t\t<div class=\"elementor-container elementor-column-gap-default\">\n\t\t\t\t\t<div class=\"elementor-column elementor-col-100 elementor-top-column elementor-element elementor-element-08bad09\" data-id=\"08bad09\" data-element_type=\"column\" data-e-type=\"column\">\n\t\t\t<div class=\"elementor-widget-wrap elementor-element-populated\">\n\t\t\t\t\t\t<div class=\"elementor-element elementor-element-a06dd29 elementor-widget elementor-widget-heading\" data-id=\"a06dd29\" data-element_type=\"widget\" data-e-type=\"widget\" data-widget_type=\"heading.default\">\n\t\t\t\t<div class=\"elementor-widget-container\">\n\t\t\t\t\t<h2 class=\"elementor-heading-title elementor-size-default\">Formulario de Consultas<\/h2>\t\t\t\t<\/div>\n\t\t\t\t<\/div>\n\t\t\t\t\t<\/div>\n\t\t<\/div>\n\t\t\t\t\t<\/div>\n\t\t<\/section>\n\t\t\t\t<section class=\"elementor-section elementor-top-section elementor-element elementor-element-8a79e5a elementor-section-boxed elementor-section-height-default elementor-section-height-default\" data-id=\"8a79e5a\" data-element_type=\"section\" data-e-type=\"section\">\n\t\t\t\t\t\t<div class=\"elementor-container elementor-column-gap-default\">\n\t\t\t\t\t<div class=\"elementor-column elementor-col-100 elementor-top-column elementor-element elementor-element-0be4bb4\" data-id=\"0be4bb4\" data-element_type=\"column\" data-e-type=\"column\">\n\t\t\t<div class=\"elementor-widget-wrap elementor-element-populated\">\n\t\t\t\t\t\t<div class=\"elementor-element elementor-element-2566e6b elementor-widget elementor-widget-text-editor\" data-id=\"2566e6b\" data-element_type=\"widget\" data-e-type=\"widget\" data-widget_type=\"text-editor.default\">\n\t\t\t\t<div class=\"elementor-widget-container\">\n\t\t\t\t\t\t\t\t\t<p>Juan B. Justo 1060<br \/>Tel.: 223 693-8292<br \/>MAR DEL PLATA<\/p>\t\t\t\t\t\t\t\t<\/div>\n\t\t\t\t<\/div>\n\t\t\t\t\t<\/div>\n\t\t<\/div>\n\t\t\t\t\t<\/div>\n\t\t<\/section>\n\t\t\t\t<section class=\"elementor-section elementor-top-section elementor-element elementor-element-9062618 elementor-section-boxed elementor-section-height-default elementor-section-height-default\" data-id=\"9062618\" data-element_type=\"section\" data-e-type=\"section\">\n\t\t\t\t\t\t<div class=\"elementor-container elementor-column-gap-default\">\n\t\t\t\t\t<div class=\"elementor-column elementor-col-33 elementor-top-column elementor-element elementor-element-1608db5\" data-id=\"1608db5\" data-element_type=\"column\" data-e-type=\"column\">\n\t\t\t<div class=\"elementor-widget-wrap\">\n\t\t\t\t\t\t\t<\/div>\n\t\t<\/div>\n\t\t\t\t<div class=\"elementor-column elementor-col-33 elementor-top-column elementor-element elementor-element-f2927ae\" data-id=\"f2927ae\" data-element_type=\"column\" data-e-type=\"column\" data-settings=\"{&quot;background_background&quot;:&quot;classic&quot;}\">\n\t\t\t<div class=\"elementor-widget-wrap elementor-element-populated\">\n\t\t\t\t\t\t<div class=\"elementor-element elementor-element-605a003 elementor-widget elementor-widget-shortcode\" data-id=\"605a003\" data-element_type=\"widget\" data-e-type=\"widget\" data-widget_type=\"shortcode.default\">\n\t\t\t\t<div class=\"elementor-widget-container\">\n\t\t\t\t\t\t\t<div class=\"elementor-shortcode\">\r\n\r\n<!DOCTYPE html PUBLIC \"-\/\/W3C\/\/DTD XHTML 1.0 Transitional\/\/EN\" \"http:\/\/www.w3.org\/TR\/xhtml1\/DTD\/xhtml1-transitional.dtd\">\r\n<html xml:lang=\"es\" lang=\"es\">\r\n    <head>        \r\n        <title>Formulario de contacto<\/title>\r\n        <meta http-equiv=\"Content-Type\" content=\"text\/html; charset=utf-8\">\r\n        <link rel=\"stylesheet\" type=\"text\/css\" href=\"https:\/\/chiaradiffusion.com.ar\/formulario\/css\/estilos.css\" \/>\r\n    <\/head>        \r\n    \r\n    <body>\r\n   \r\n\t\t<form action=\"https:\/\/chiaradiffusion.com.ar\/formulario\/contacto.php\" method=\"post\" name=\"contact\" id=\"contact\">\r\n            NOMBRE Y APELLIDO<br \/>\r\n              <font color=\"#000033\"> <input  name=\"nombre\" type=\"text\" autofocus required placeholder=\"Tu nombre y apellido\" tabindex=\"1\" \/>\r\n              <\/font>           \r\n             \r\n            <fieldset>DIRECCION<br \/>\r\n              <font color=\"#000033\"> <input  name=\"direccion\" type=\"text\" autofocus required placeholder=\"Tu Direccion\" tabindex=\"1\" \/><\/font>\r\n          <\/fieldset>\r\n             \r\n            <fieldset>TELEFONO<br \/>\r\n              <font color=\"#000033\"> <input  name=\"telefono\" type=\"text\" autofocus required placeholder=\"Tu telefono\" tabindex=\"1\" \/><\/font>\r\n            <\/fieldset>\r\n            \r\n            \r\n            <fieldset>CIUDAD<br \/>\r\n             <font color=\"#000033\">  <input  name=\"ciudad\" type=\"text\" autofocus required placeholder=\"Ciudad\" tabindex=\"1\" \/><\/font>\r\n            <\/fieldset>\r\n            \r\n             \r\n            <fieldset>PAIS<br \/>\r\n             <font color=\"#000033\">  <input  name=\"pais\" type=\"text\" autofocus required placeholder=\"Tu Pais\" tabindex=\"1\" \/><\/font>\r\n            <\/fieldset>\r\n            \r\n           \r\n            <fieldset>EMAIL<br \/>\r\n             <font color=\"#000033\">  <input name=\"email\" placeholder=\"Tu email\" type=\"email\" tabindex=\"2\" required><\/font>\r\n            <\/fieldset>\r\n            \r\n            <fieldset>MENSAJE<br \/>\r\n             <font color=\"#000033\"> <textarea name=\"mensaje\" placeholder=\"Escribe tu mensaje....\" tabindex=\"5\" required><\/textarea><\/font>\r\n            <\/fieldset>\r\n            \r\n            <fieldset>\r\n             <font color=\"#000033\">  <button name=\"submit\" type=\"submit\" id=\"contact-submit\" data-submit=\"...Enviar\">Enviar<\/button><\/font>\r\n            <\/fieldset> \r\n            \r\n    <\/form>\r\n        \r\n<\/body>\r\n<\/html>\r\n\r\n\r\n<\/div>\n\t\t\t\t\t\t<\/div>\n\t\t\t\t<\/div>\n\t\t\t\t\t<\/div>\n\t\t<\/div>\n\t\t\t\t<div class=\"elementor-column elementor-col-33 elementor-top-column elementor-element elementor-element-88d2ded\" data-id=\"88d2ded\" data-element_type=\"column\" data-e-type=\"column\">\n\t\t\t<div class=\"elementor-widget-wrap\">\n\t\t\t\t\t\t\t<\/div>\n\t\t<\/div>\n\t\t\t\t\t<\/div>\n\t\t<\/section>\n\t\t\t\t<\/div>\n\t\t","protected":false},"excerpt":{"rendered":"<p>Formulario de Consultas Juan B. Justo 1060Tel.: 223 693-8292MAR DEL PLATA<\/p>\n","protected":false},"author":2,"featured_media":0,"parent":0,"menu_order":0,"comment_status":"closed","ping_status":"closed","template":"","meta":{"site-sidebar-layout":"no-sidebar","site-content-layout":"page-builder","ast-site-content-layout":"default","site-content-style":"default","site-sidebar-style":"default","ast-global-header-display":"","ast-banner-title-visibility":"","ast-main-header-display":"","ast-hfb-above-header-display":"","ast-hfb-below-header-display":"","ast-hfb-mobile-header-display":"","site-post-title":"disabled","ast-breadcrumbs-content":"","ast-featured-img":"disabled","footer-sml-layout":"","ast-disable-related-posts":"","theme-transparent-header-meta":"default","adv-header-id-meta":"","stick-header-meta":"","header-above-stick-meta":"","header-main-stick-meta":"","header-below-stick-meta":"","astra-migrate-meta-layouts":"default","ast-page-background-enabled":"default","ast-page-background-meta":{"desktop":{"background-color":"var(--ast-global-color-4)","background-image":"","background-repeat":"repeat","background-position":"center center","background-size":"auto","background-attachment":"scroll","background-type":"","background-media":"","overlay-type":"","overlay-color":"","overlay-opacity":"","overlay-gradient":""},"tablet":{"background-color":"","background-image":"","background-repeat":"repeat","background-position":"center center","background-size":"auto","background-attachment":"scroll","background-type":"","background-media":"","overlay-type":"","overlay-color":"","overlay-opacity":"","overlay-gradient":""},"mobile":{"background-color":"","background-image":"","background-repeat":"repeat","background-position":"center center","background-size":"auto","background-attachment":"scroll","background-type":"","background-media":"","overlay-type":"","overlay-color":"","overlay-opacity":"","overlay-gradient":""}},"ast-content-background-meta":{"desktop":{"background-color":"var(--ast-global-color-5)","background-image":"","background-repeat":"repeat","background-position":"center center","background-size":"auto","background-attachment":"scroll","background-type":"","background-media":"","overlay-type":"","overlay-color":"","overlay-opacity":"","overlay-gradient":""},"tablet":{"background-color":"var(--ast-global-color-5)","background-image":"","background-repeat":"repeat","background-position":"center center","background-size":"auto","background-attachment":"scroll","background-type":"","background-media":"","overlay-type":"","overlay-color":"","overlay-opacity":"","overlay-gradient":""},"mobile":{"background-color":"var(--ast-global-color-5)","background-image":"","background-repeat":"repeat","background-position":"center center","background-size":"auto","background-attachment":"scroll","background-type":"","background-media":"","overlay-type":"","overlay-color":"","overlay-opacity":"","overlay-gradient":""}},"footnotes":""},"class_list":["post-76","page","type-page","status-publish","hentry"],"yoast_head":"<!-- This site is optimized with the Yoast SEO plugin v27.4 - https:\/\/yoast.com\/product\/yoast-seo-wordpress\/ -->\n<title>Contacto - Chiara Diffusion, Fabrica de Tejidos de Punto<\/title>\n<meta name=\"robots\" content=\"index, follow, max-snippet:-1, max-image-preview:large, max-video-preview:-1\" \/>\n<link rel=\"canonical\" href=\"https:\/\/chiaradiffusion.com.ar\/sitioweb\/contacto\/\" \/>\n<meta property=\"og:locale\" content=\"es_ES\" \/>\n<meta property=\"og:type\" content=\"article\" \/>\n<meta property=\"og:title\" content=\"Contacto - Chiara Diffusion, Fabrica de Tejidos de Punto\" \/>\n<meta property=\"og:description\" content=\"Formulario de Consultas Juan B. Justo 1060Tel.: 223 693-8292MAR DEL PLATA\" \/>\n<meta property=\"og:url\" content=\"https:\/\/chiaradiffusion.com.ar\/sitioweb\/contacto\/\" \/>\n<meta property=\"og:site_name\" content=\"Chiara Diffusion, Fabrica de Tejidos de Punto\" \/>\n<meta property=\"article:modified_time\" content=\"2021-08-24T23:34:37+00:00\" \/>\n<meta name=\"twitter:card\" content=\"summary_large_image\" \/>\n<script type=\"application\/ld+json\" class=\"yoast-schema-graph\">{\"@context\":\"https:\\\/\\\/schema.org\",\"@graph\":[{\"@type\":\"WebPage\",\"@id\":\"https:\\\/\\\/chiaradiffusion.com.ar\\\/sitioweb\\\/contacto\\\/\",\"url\":\"https:\\\/\\\/chiaradiffusion.com.ar\\\/sitioweb\\\/contacto\\\/\",\"name\":\"Contacto - Chiara Diffusion, Fabrica de Tejidos de Punto\",\"isPartOf\":{\"@id\":\"https:\\\/\\\/chiaradiffusion.com.ar\\\/sitioweb\\\/#website\"},\"datePublished\":\"2021-08-09T19:25:43+00:00\",\"dateModified\":\"2021-08-24T23:34:37+00:00\",\"breadcrumb\":{\"@id\":\"https:\\\/\\\/chiaradiffusion.com.ar\\\/sitioweb\\\/contacto\\\/#breadcrumb\"},\"inLanguage\":\"es\",\"potentialAction\":[{\"@type\":\"ReadAction\",\"target\":[\"https:\\\/\\\/chiaradiffusion.com.ar\\\/sitioweb\\\/contacto\\\/\"]}]},{\"@type\":\"BreadcrumbList\",\"@id\":\"https:\\\/\\\/chiaradiffusion.com.ar\\\/sitioweb\\\/contacto\\\/#breadcrumb\",\"itemListElement\":[{\"@type\":\"ListItem\",\"position\":1,\"name\":\"Portada\",\"item\":\"https:\\\/\\\/chiaradiffusion.com.ar\\\/sitioweb\\\/\"},{\"@type\":\"ListItem\",\"position\":2,\"name\":\"Contacto\"}]},{\"@type\":\"WebSite\",\"@id\":\"https:\\\/\\\/chiaradiffusion.com.ar\\\/sitioweb\\\/#website\",\"url\":\"https:\\\/\\\/chiaradiffusion.com.ar\\\/sitioweb\\\/\",\"name\":\"Chiara Diffusion, Fabrica de Tejidos de Punto\",\"description\":\"Dise\u00f1o, confecci\u00f3n y comercializaci\u00f3n de prendas de tejido de punto.\",\"publisher\":{\"@id\":\"https:\\\/\\\/chiaradiffusion.com.ar\\\/sitioweb\\\/#organization\"},\"potentialAction\":[{\"@type\":\"SearchAction\",\"target\":{\"@type\":\"EntryPoint\",\"urlTemplate\":\"https:\\\/\\\/chiaradiffusion.com.ar\\\/sitioweb\\\/?s={search_term_string}\"},\"query-input\":{\"@type\":\"PropertyValueSpecification\",\"valueRequired\":true,\"valueName\":\"search_term_string\"}}],\"inLanguage\":\"es\"},{\"@type\":\"Organization\",\"@id\":\"https:\\\/\\\/chiaradiffusion.com.ar\\\/sitioweb\\\/#organization\",\"name\":\"Chiara Diffusion, Fabrica de Tejidos de Punto\",\"url\":\"https:\\\/\\\/chiaradiffusion.com.ar\\\/sitioweb\\\/\",\"logo\":{\"@type\":\"ImageObject\",\"inLanguage\":\"es\",\"@id\":\"https:\\\/\\\/chiaradiffusion.com.ar\\\/sitioweb\\\/#\\\/schema\\\/logo\\\/image\\\/\",\"url\":\"https:\\\/\\\/chiaradiffusion.com.ar\\\/sitioweb\\\/wp-content\\\/uploads\\\/2021\\\/08\\\/logo_365.png\",\"contentUrl\":\"https:\\\/\\\/chiaradiffusion.com.ar\\\/sitioweb\\\/wp-content\\\/uploads\\\/2021\\\/08\\\/logo_365.png\",\"width\":350,\"height\":118,\"caption\":\"Chiara Diffusion, Fabrica de Tejidos de Punto\"},\"image\":{\"@id\":\"https:\\\/\\\/chiaradiffusion.com.ar\\\/sitioweb\\\/#\\\/schema\\\/logo\\\/image\\\/\"}}]}<\/script>\n<!-- \/ Yoast SEO plugin. -->","yoast_head_json":{"title":"Contacto - Chiara Diffusion, Fabrica de Tejidos de Punto","robots":{"index":"index","follow":"follow","max-snippet":"max-snippet:-1","max-image-preview":"max-image-preview:large","max-video-preview":"max-video-preview:-1"},"canonical":"https:\/\/chiaradiffusion.com.ar\/sitioweb\/contacto\/","og_locale":"es_ES","og_type":"article","og_title":"Contacto - Chiara Diffusion, Fabrica de Tejidos de Punto","og_description":"Formulario de Consultas Juan B. Justo 1060Tel.: 223 693-8292MAR DEL PLATA","og_url":"https:\/\/chiaradiffusion.com.ar\/sitioweb\/contacto\/","og_site_name":"Chiara Diffusion, Fabrica de Tejidos de Punto","article_modified_time":"2021-08-24T23:34:37+00:00","twitter_card":"summary_large_image","schema":{"@context":"https:\/\/schema.org","@graph":[{"@type":"WebPage","@id":"https:\/\/chiaradiffusion.com.ar\/sitioweb\/contacto\/","url":"https:\/\/chiaradiffusion.com.ar\/sitioweb\/contacto\/","name":"Contacto - Chiara Diffusion, Fabrica de Tejidos de Punto","isPartOf":{"@id":"https:\/\/chiaradiffusion.com.ar\/sitioweb\/#website"},"datePublished":"2021-08-09T19:25:43+00:00","dateModified":"2021-08-24T23:34:37+00:00","breadcrumb":{"@id":"https:\/\/chiaradiffusion.com.ar\/sitioweb\/contacto\/#breadcrumb"},"inLanguage":"es","potentialAction":[{"@type":"ReadAction","target":["https:\/\/chiaradiffusion.com.ar\/sitioweb\/contacto\/"]}]},{"@type":"BreadcrumbList","@id":"https:\/\/chiaradiffusion.com.ar\/sitioweb\/contacto\/#breadcrumb","itemListElement":[{"@type":"ListItem","position":1,"name":"Portada","item":"https:\/\/chiaradiffusion.com.ar\/sitioweb\/"},{"@type":"ListItem","position":2,"name":"Contacto"}]},{"@type":"WebSite","@id":"https:\/\/chiaradiffusion.com.ar\/sitioweb\/#website","url":"https:\/\/chiaradiffusion.com.ar\/sitioweb\/","name":"Chiara Diffusion, Fabrica de Tejidos de Punto","description":"Dise\u00f1o, confecci\u00f3n y comercializaci\u00f3n de prendas de tejido de punto.","publisher":{"@id":"https:\/\/chiaradiffusion.com.ar\/sitioweb\/#organization"},"potentialAction":[{"@type":"SearchAction","target":{"@type":"EntryPoint","urlTemplate":"https:\/\/chiaradiffusion.com.ar\/sitioweb\/?s={search_term_string}"},"query-input":{"@type":"PropertyValueSpecification","valueRequired":true,"valueName":"search_term_string"}}],"inLanguage":"es"},{"@type":"Organization","@id":"https:\/\/chiaradiffusion.com.ar\/sitioweb\/#organization","name":"Chiara Diffusion, Fabrica de Tejidos de Punto","url":"https:\/\/chiaradiffusion.com.ar\/sitioweb\/","logo":{"@type":"ImageObject","inLanguage":"es","@id":"https:\/\/chiaradiffusion.com.ar\/sitioweb\/#\/schema\/logo\/image\/","url":"https:\/\/chiaradiffusion.com.ar\/sitioweb\/wp-content\/uploads\/2021\/08\/logo_365.png","contentUrl":"https:\/\/chiaradiffusion.com.ar\/sitioweb\/wp-content\/uploads\/2021\/08\/logo_365.png","width":350,"height":118,"caption":"Chiara Diffusion, Fabrica de Tejidos de Punto"},"image":{"@id":"https:\/\/chiaradiffusion.com.ar\/sitioweb\/#\/schema\/logo\/image\/"}}]}},"_links":{"self":[{"href":"https:\/\/chiaradiffusion.com.ar\/sitioweb\/wp-json\/wp\/v2\/pages\/76","targetHints":{"allow":["GET"]}}],"collection":[{"href":"https:\/\/chiaradiffusion.com.ar\/sitioweb\/wp-json\/wp\/v2\/pages"}],"about":[{"href":"https:\/\/chiaradiffusion.com.ar\/sitioweb\/wp-json\/wp\/v2\/types\/page"}],"author":[{"embeddable":true,"href":"https:\/\/chiaradiffusion.com.ar\/sitioweb\/wp-json\/wp\/v2\/users\/2"}],"replies":[{"embeddable":true,"href":"https:\/\/chiaradiffusion.com.ar\/sitioweb\/wp-json\/wp\/v2\/comments?post=76"}],"version-history":[{"count":13,"href":"https:\/\/chiaradiffusion.com.ar\/sitioweb\/wp-json\/wp\/v2\/pages\/76\/revisions"}],"predecessor-version":[{"id":424,"href":"https:\/\/chiaradiffusion.com.ar\/sitioweb\/wp-json\/wp\/v2\/pages\/76\/revisions\/424"}],"wp:attachment":[{"href":"https:\/\/chiaradiffusion.com.ar\/sitioweb\/wp-json\/wp\/v2\/media?parent=76"}],"curies":[{"name":"wp","href":"https:\/\/api.w.org\/{rel}","templated":true}]}}